{"id":1034,"date":"2017-06-24T18:32:02","date_gmt":"2017-06-24T16:32:02","guid":{"rendered":"http:\/\/pargasmaskinbefal.fi\/?page_id=1034"},"modified":"2017-10-11T13:22:54","modified_gmt":"2017-10-11T11:22:54","slug":"2017-oro","status":"publish","type":"page","link":"http:\/\/pargasmaskinbefal.fi\/index.php\/2017-oro\/","title":{"rendered":"2017 \u00d6r\u00f6"},"content":{"rendered":"<p>En resa till \u00d6r\u00f6 ordnades 13-14.6 f\u00f6r f\u00f6reningens medlemmar med avec.<\/p>\n<p>Resan startade i Pargas med buss till Kasn\u00e4s, varifr\u00e5n transporten ut till \u00d6r\u00f6 gjordes med m\/s Ejsk\u00e4r.<\/p>\n<p><img loading=\"lazy\" class=\"alignnone wp-image-1120 size-full\" src=\"http:\/\/pargasmaskinbefal.fi\/wp-content\/uploads\/2017\/06\/20170613_103907.jpg\" width=\"4128\" height=\"3096\" srcset=\"http:\/\/pargasmaskinbefal.fi\/wp-content\/uploads\/2017\/06\/20170613_103907.jpg 4128w, http:\/\/pargasmaskinbefal.fi\/wp-content\/uploads\/2017\/06\/20170613_103907-300x225.jpg 300w, http:\/\/pargasmaskinbefal.fi\/wp-content\/uploads\/2017\/06\/20170613_103907-768x576.jpg 768w, http:\/\/pargasmaskinbefal.fi\/wp-content\/uploads\/2017\/06\/20170613_103907-1024x768.jpg 1024w\" sizes=\"(max-width: 767px) 89vw, (max-width: 1000px) 54vw, (max-width: 1071px) 543px, 580px\" \/><\/p>\n<p><img loading=\"lazy\" class=\"aligncenter wp-image-1039 size-full\" style=\"font-size: 1rem;\" src=\"http:\/\/pargasmaskinbefal.fi\/wp-content\/uploads\/2017\/06\/\u00d6r\u00f6-0.jpg\" width=\"3543\" height=\"2362\" srcset=\"http:\/\/pargasmaskinbefal.fi\/wp-content\/uploads\/2017\/06\/\u00d6r\u00f6-0.jpg 3543w, http:\/\/pargasmaskinbefal.fi\/wp-content\/uploads\/2017\/06\/\u00d6r\u00f6-0-300x200.jpg 300w, http:\/\/pargasmaskinbefal.fi\/wp-content\/uploads\/2017\/06\/\u00d6r\u00f6-0-768x512.jpg 768w, http:\/\/pargasmaskinbefal.fi\/wp-content\/uploads\/2017\/06\/\u00d6r\u00f6-0-1024x683.jpg 1024w\" sizes=\"(max-width: 767px) 89vw, (max-width: 1000px) 54vw, (max-width: 1071px) 543px, 580px\" \/><\/p>\n<p>\u00d6r\u00f6 har en g\u00e4sthamn f\u00f6r ca 70 b\u00e5tar.<\/p>\n<p><img loading=\"lazy\" class=\"aligncenter wp-image-1045 size-full\" src=\"http:\/\/pargasmaskinbefal.fi\/wp-content\/uploads\/2017\/06\/\u00d6r\u00f6-3.jpg\" width=\"3543\" height=\"2362\" srcset=\"http:\/\/pargasmaskinbefal.fi\/wp-content\/uploads\/2017\/06\/\u00d6r\u00f6-3.jpg 3543w, http:\/\/pargasmaskinbefal.fi\/wp-content\/uploads\/2017\/06\/\u00d6r\u00f6-3-300x200.jpg 300w, http:\/\/pargasmaskinbefal.fi\/wp-content\/uploads\/2017\/06\/\u00d6r\u00f6-3-768x512.jpg 768w, http:\/\/pargasmaskinbefal.fi\/wp-content\/uploads\/2017\/06\/\u00d6r\u00f6-3-1024x683.jpg 1024w\" sizes=\"(max-width: 767px) 89vw, (max-width: 1000px) 54vw, (max-width: 1071px) 543px, 580px\" \/><\/p>\n<p>P\u00e5 \u00d6r\u00f6 finns ett n\u00e4tverk av stigar f\u00f6r fotvandrare, men det g\u00e5r \u00e4ven att hyra cycklar f\u00f6r den som vill. Klicka p\u00e5 bilden f\u00f6r mera detaljer.<\/p>\n<p><a href=\"http:\/\/pargasmaskinbefal.fi\/wp-content\/uploads\/2017\/06\/\u00d6r\u00f6-2-2.jpg\"><img loading=\"lazy\" class=\"aligncenter wp-image-1047 size-full\" src=\"http:\/\/pargasmaskinbefal.fi\/wp-content\/uploads\/2017\/06\/\u00d6r\u00f6-2-2.jpg\" width=\"5841\" height=\"3894\" srcset=\"http:\/\/pargasmaskinbefal.fi\/wp-content\/uploads\/2017\/06\/\u00d6r\u00f6-2-2.jpg 5841w, http:\/\/pargasmaskinbefal.fi\/wp-content\/uploads\/2017\/06\/\u00d6r\u00f6-2-2-300x200.jpg 300w, http:\/\/pargasmaskinbefal.fi\/wp-content\/uploads\/2017\/06\/\u00d6r\u00f6-2-2-768x512.jpg 768w, http:\/\/pargasmaskinbefal.fi\/wp-content\/uploads\/2017\/06\/\u00d6r\u00f6-2-2-1024x683.jpg 1024w\" sizes=\"(max-width: 767px) 89vw, (max-width: 1000px) 54vw, (max-width: 1071px) 543px, 580px\" \/><\/a><\/p>\n<p>En kort promenad f\u00f6r dig till det gamla kasernomr\u00e5det med restaurangbyggnaden i f\u00f6rgrunden.<\/p>\n<p><img loading=\"lazy\" class=\"aligncenter wp-image-1048 size-full\" src=\"http:\/\/pargasmaskinbefal.fi\/wp-content\/uploads\/2017\/06\/\u00d6r\u00f6-4-2.jpg\" width=\"3543\" height=\"2362\" srcset=\"http:\/\/pargasmaskinbefal.fi\/wp-content\/uploads\/2017\/06\/\u00d6r\u00f6-4-2.jpg 3543w, http:\/\/pargasmaskinbefal.fi\/wp-content\/uploads\/2017\/06\/\u00d6r\u00f6-4-2-300x200.jpg 300w, http:\/\/pargasmaskinbefal.fi\/wp-content\/uploads\/2017\/06\/\u00d6r\u00f6-4-2-768x512.jpg 768w, http:\/\/pargasmaskinbefal.fi\/wp-content\/uploads\/2017\/06\/\u00d6r\u00f6-4-2-1024x683.jpg 1024w\" sizes=\"(max-width: 767px) 89vw, (max-width: 1000px) 54vw, (max-width: 1071px) 543px, 580px\" \/><\/p>\n<p>\u00d6vernattningen kan ske i den moderna hotellbyggnaden med allrum och konferensrum.<\/p>\n<p><img loading=\"lazy\" class=\"aligncenter wp-image-1049 size-full\" src=\"http:\/\/pargasmaskinbefal.fi\/wp-content\/uploads\/2017\/06\/\u00d6r\u00f6-5-2.jpg\" width=\"3543\" height=\"2362\" srcset=\"http:\/\/pargasmaskinbefal.fi\/wp-content\/uploads\/2017\/06\/\u00d6r\u00f6-5-2.jpg 3543w, http:\/\/pargasmaskinbefal.fi\/wp-content\/uploads\/2017\/06\/\u00d6r\u00f6-5-2-300x200.jpg 300w, http:\/\/pargasmaskinbefal.fi\/wp-content\/uploads\/2017\/06\/\u00d6r\u00f6-5-2-768x512.jpg 768w, http:\/\/pargasmaskinbefal.fi\/wp-content\/uploads\/2017\/06\/\u00d6r\u00f6-5-2-1024x683.jpg 1024w\" sizes=\"(max-width: 767px) 89vw, (max-width: 1000px) 54vw, (max-width: 1071px) 543px, 580px\" \/><\/p>\n<p>En guidad tur gav en bra bild \u00f6ver \u00d6r\u00f6 och dess historia.<\/p>\n<p><img loading=\"lazy\" class=\"aligncenter wp-image-1050 size-full\" src=\"http:\/\/pargasmaskinbefal.fi\/wp-content\/uploads\/2017\/06\/\u00d6r\u00f6-6-2.jpg\" width=\"6000\" height=\"4000\" srcset=\"http:\/\/pargasmaskinbefal.fi\/wp-content\/uploads\/2017\/06\/\u00d6r\u00f6-6-2.jpg 6000w, http:\/\/pargasmaskinbefal.fi\/wp-content\/uploads\/2017\/06\/\u00d6r\u00f6-6-2-300x200.jpg 300w, http:\/\/pargasmaskinbefal.fi\/wp-content\/uploads\/2017\/06\/\u00d6r\u00f6-6-2-768x512.jpg 768w, http:\/\/pargasmaskinbefal.fi\/wp-content\/uploads\/2017\/06\/\u00d6r\u00f6-6-2-1024x683.jpg 1024w\" sizes=\"(max-width: 767px) 89vw, (max-width: 1000px) 54vw, (max-width: 1071px) 543px, 580px\" \/><\/p>\n<p><img loading=\"lazy\" class=\"aligncenter wp-image-1051 size-full\" src=\"http:\/\/pargasmaskinbefal.fi\/wp-content\/uploads\/2017\/06\/\u00d6r\u00f6-7-2.jpg\" width=\"6000\" height=\"4000\" srcset=\"http:\/\/pargasmaskinbefal.fi\/wp-content\/uploads\/2017\/06\/\u00d6r\u00f6-7-2.jpg 6000w, http:\/\/pargasmaskinbefal.fi\/wp-content\/uploads\/2017\/06\/\u00d6r\u00f6-7-2-300x200.jpg 300w, http:\/\/pargasmaskinbefal.fi\/wp-content\/uploads\/2017\/06\/\u00d6r\u00f6-7-2-768x512.jpg 768w, http:\/\/pargasmaskinbefal.fi\/wp-content\/uploads\/2017\/06\/\u00d6r\u00f6-7-2-1024x683.jpg 1024w\" sizes=\"(max-width: 767px) 89vw, (max-width: 1000px) 54vw, (max-width: 1071px) 543px, 580px\" \/><\/p>\n<p>P\u00e5 \u00f6n finns en kullerstens belagd v\u00e4g mellan det norra och det s\u00f6dra artilleriet. \u00a0Soldaterna har gett namn \u00e5t denna str\u00e4cka, Pitk\u00e4 ik\u00e4v\u00e4 mot norr och Lyhyt ik\u00e4v\u00e4 mot s\u00f6der<\/p>\n<p><img loading=\"lazy\" class=\"aligncenter wp-image-1052 size-full\" src=\"http:\/\/pargasmaskinbefal.fi\/wp-content\/uploads\/2017\/06\/\u00d6r\u00f6-8-2.jpg\" width=\"6000\" height=\"4000\" srcset=\"http:\/\/pargasmaskinbefal.fi\/wp-content\/uploads\/2017\/06\/\u00d6r\u00f6-8-2.jpg 6000w, http:\/\/pargasmaskinbefal.fi\/wp-content\/uploads\/2017\/06\/\u00d6r\u00f6-8-2-300x200.jpg 300w, http:\/\/pargasmaskinbefal.fi\/wp-content\/uploads\/2017\/06\/\u00d6r\u00f6-8-2-768x512.jpg 768w, http:\/\/pargasmaskinbefal.fi\/wp-content\/uploads\/2017\/06\/\u00d6r\u00f6-8-2-1024x683.jpg 1024w\" sizes=\"(max-width: 767px) 89vw, (max-width: 1000px) 54vw, (max-width: 1071px) 543px, 580px\" \/><\/p>\n<p>\u00d6r\u00f6s 12&#8243; kanoner \u00e4r kanske mest k\u00e4nda f\u00f6r deltagande i striden p\u00e5 Bengtsk\u00e4r. Fr\u00e5n \u00d6r\u00f6 \u00e4r det 13 km till Bengtsk\u00e4r, kanonerna kunde klara av hela 45 km. Klicka p\u00e5 bilden f\u00f6r mera detaljer.<\/p>\n<p><a href=\"http:\/\/pargasmaskinbefal.fi\/wp-content\/uploads\/2017\/06\/\u00d6r\u00f6-9-2.jpg\"><img loading=\"lazy\" class=\"aligncenter wp-image-1054 size-full\" src=\"http:\/\/pargasmaskinbefal.fi\/wp-content\/uploads\/2017\/06\/\u00d6r\u00f6-9-2.jpg\" width=\"6000\" height=\"4000\" srcset=\"http:\/\/pargasmaskinbefal.fi\/wp-content\/uploads\/2017\/06\/\u00d6r\u00f6-9-2.jpg 6000w, http:\/\/pargasmaskinbefal.fi\/wp-content\/uploads\/2017\/06\/\u00d6r\u00f6-9-2-300x200.jpg 300w, http:\/\/pargasmaskinbefal.fi\/wp-content\/uploads\/2017\/06\/\u00d6r\u00f6-9-2-768x512.jpg 768w, http:\/\/pargasmaskinbefal.fi\/wp-content\/uploads\/2017\/06\/\u00d6r\u00f6-9-2-1024x683.jpg 1024w\" sizes=\"(max-width: 767px) 89vw, (max-width: 1000px) 54vw, (max-width: 1071px) 543px, 580px\" \/><\/a><\/p>\n<p>Reservr\u00f6ret till 12&#8243; kanonerna \u00e4r imponerande.<\/p>\n<p><img loading=\"lazy\" class=\"aligncenter wp-image-1055 size-full\" src=\"http:\/\/pargasmaskinbefal.fi\/wp-content\/uploads\/2017\/06\/\u00d6r\u00f6-14-2.jpg\" width=\"3543\" height=\"2362\" srcset=\"http:\/\/pargasmaskinbefal.fi\/wp-content\/uploads\/2017\/06\/\u00d6r\u00f6-14-2.jpg 3543w, http:\/\/pargasmaskinbefal.fi\/wp-content\/uploads\/2017\/06\/\u00d6r\u00f6-14-2-300x200.jpg 300w, http:\/\/pargasmaskinbefal.fi\/wp-content\/uploads\/2017\/06\/\u00d6r\u00f6-14-2-768x512.jpg 768w, http:\/\/pargasmaskinbefal.fi\/wp-content\/uploads\/2017\/06\/\u00d6r\u00f6-14-2-1024x683.jpg 1024w\" sizes=\"(max-width: 767px) 89vw, (max-width: 1000px) 54vw, (max-width: 1071px) 543px, 580px\" \/><\/p>\n<p><img loading=\"lazy\" class=\"aligncenter wp-image-1056 size-full\" src=\"http:\/\/pargasmaskinbefal.fi\/wp-content\/uploads\/2017\/06\/\u00d6r\u00f6-13-2.jpg\" width=\"6000\" height=\"4000\" srcset=\"http:\/\/pargasmaskinbefal.fi\/wp-content\/uploads\/2017\/06\/\u00d6r\u00f6-13-2.jpg 6000w, http:\/\/pargasmaskinbefal.fi\/wp-content\/uploads\/2017\/06\/\u00d6r\u00f6-13-2-300x200.jpg 300w, http:\/\/pargasmaskinbefal.fi\/wp-content\/uploads\/2017\/06\/\u00d6r\u00f6-13-2-768x512.jpg 768w, http:\/\/pargasmaskinbefal.fi\/wp-content\/uploads\/2017\/06\/\u00d6r\u00f6-13-2-1024x683.jpg 1024w\" sizes=\"(max-width: 767px) 89vw, (max-width: 1000px) 54vw, (max-width: 1071px) 543px, 580px\" \/><\/p>\n<p>Bakstycket p\u00e5 kanonen \u00e4r mycket massivt.<\/p>\n<p><img loading=\"lazy\" class=\"aligncenter wp-image-1057 size-full\" src=\"http:\/\/pargasmaskinbefal.fi\/wp-content\/uploads\/2017\/06\/\u00d6r\u00f6-12-2.jpg\" width=\"6000\" height=\"4000\" srcset=\"http:\/\/pargasmaskinbefal.fi\/wp-content\/uploads\/2017\/06\/\u00d6r\u00f6-12-2.jpg 6000w, http:\/\/pargasmaskinbefal.fi\/wp-content\/uploads\/2017\/06\/\u00d6r\u00f6-12-2-300x200.jpg 300w, http:\/\/pargasmaskinbefal.fi\/wp-content\/uploads\/2017\/06\/\u00d6r\u00f6-12-2-768x512.jpg 768w, http:\/\/pargasmaskinbefal.fi\/wp-content\/uploads\/2017\/06\/\u00d6r\u00f6-12-2-1024x683.jpg 1024w\" sizes=\"(max-width: 767px) 89vw, (max-width: 1000px) 54vw, (max-width: 1071px) 543px, 580px\" \/><\/p>\n<p><img loading=\"lazy\" class=\"aligncenter wp-image-1058 size-full\" src=\"http:\/\/pargasmaskinbefal.fi\/wp-content\/uploads\/2017\/06\/\u00d6r\u00f6-11-2.jpg\" width=\"6000\" height=\"4000\" srcset=\"http:\/\/pargasmaskinbefal.fi\/wp-content\/uploads\/2017\/06\/\u00d6r\u00f6-11-2.jpg 6000w, http:\/\/pargasmaskinbefal.fi\/wp-content\/uploads\/2017\/06\/\u00d6r\u00f6-11-2-300x200.jpg 300w, http:\/\/pargasmaskinbefal.fi\/wp-content\/uploads\/2017\/06\/\u00d6r\u00f6-11-2-768x512.jpg 768w, http:\/\/pargasmaskinbefal.fi\/wp-content\/uploads\/2017\/06\/\u00d6r\u00f6-11-2-1024x683.jpg 1024w\" sizes=\"(max-width: 767px) 89vw, (max-width: 1000px) 54vw, (max-width: 1071px) 543px, 580px\" \/><\/p>\n<p><img loading=\"lazy\" class=\"aligncenter wp-image-1059 size-full\" src=\"http:\/\/pargasmaskinbefal.fi\/wp-content\/uploads\/2017\/06\/\u00d6r\u00f6-10-2.jpg\" width=\"6000\" height=\"4000\" srcset=\"http:\/\/pargasmaskinbefal.fi\/wp-content\/uploads\/2017\/06\/\u00d6r\u00f6-10-2.jpg 6000w, http:\/\/pargasmaskinbefal.fi\/wp-content\/uploads\/2017\/06\/\u00d6r\u00f6-10-2-300x200.jpg 300w, http:\/\/pargasmaskinbefal.fi\/wp-content\/uploads\/2017\/06\/\u00d6r\u00f6-10-2-768x512.jpg 768w, http:\/\/pargasmaskinbefal.fi\/wp-content\/uploads\/2017\/06\/\u00d6r\u00f6-10-2-1024x683.jpg 1024w\" sizes=\"(max-width: 767px) 89vw, (max-width: 1000px) 54vw, (max-width: 1071px) 543px, 580px\" \/><\/p>\n<p>Resan var mycket trevlig i gott s\u00e4llskap, hela 18 personer deltog och v\u00e4dret var \u00e4ven det lyckat.<\/p>\n<p>Gemensam middag i restaurangen och bastu p\u00e5 kv\u00e4llen.<\/p>\n<p><img loading=\"lazy\" class=\"alignnone wp-image-1122 size-full\" src=\"http:\/\/pargasmaskinbefal.fi\/wp-content\/uploads\/2017\/06\/20170613_171341-e1507720535487.jpg\" width=\"3096\" height=\"4128\" srcset=\"http:\/\/pargasmaskinbefal.fi\/wp-content\/uploads\/2017\/06\/20170613_171341-e1507720535487.jpg 3096w, http:\/\/pargasmaskinbefal.fi\/wp-content\/uploads\/2017\/06\/20170613_171341-e1507720535487-225x300.jpg 225w, http:\/\/pargasmaskinbefal.fi\/wp-content\/uploads\/2017\/06\/20170613_171341-e1507720535487-768x1024.jpg 768w\" sizes=\"(max-width: 767px) 89vw, (max-width: 1000px) 54vw, (max-width: 1071px) 543px, 580px\" \/><\/p>\n<p><img loading=\"lazy\" class=\"alignnone wp-image-1121 size-full\" src=\"http:\/\/pargasmaskinbefal.fi\/wp-content\/uploads\/2017\/06\/20170613_131804.jpg\" width=\"4128\" height=\"3096\" srcset=\"http:\/\/pargasmaskinbefal.fi\/wp-content\/uploads\/2017\/06\/20170613_131804.jpg 4128w, http:\/\/pargasmaskinbefal.fi\/wp-content\/uploads\/2017\/06\/20170613_131804-300x225.jpg 300w, http:\/\/pargasmaskinbefal.fi\/wp-content\/uploads\/2017\/06\/20170613_131804-768x576.jpg 768w, http:\/\/pargasmaskinbefal.fi\/wp-content\/uploads\/2017\/06\/20170613_131804-1024x768.jpg 1024w\" sizes=\"(max-width: 767px) 89vw, (max-width: 1000px) 54vw, (max-width: 1071px) 543px, 580px\" \/><\/p>\n<p>&nbsp;<\/p>\n<p>&nbsp;<\/p>\n<p>&nbsp;<\/p>\n<p>&nbsp;<\/p>\n<p>&nbsp;<\/p>\n<p>&nbsp;<\/p>\n","protected":false},"excerpt":{"rendered":"<p>En resa till \u00d6r\u00f6 ordnades 13-14.6 f\u00f6r f\u00f6reningens medlemmar med avec. Resan startade i Pargas med buss till Kasn\u00e4s, varifr\u00e5n transporten ut till \u00d6r\u00f6 gjordes med m\/s Ejsk\u00e4r. \u00d6r\u00f6 har en g\u00e4sthamn f\u00f6r ca 70 b\u00e5tar. P\u00e5 \u00d6r\u00f6 finns ett n\u00e4tverk av stigar f\u00f6r fotvandrare, men det g\u00e5r \u00e4ven att hyra cycklar f\u00f6r den som &hellip; <\/p>\n<p class=\"link-more\"><a href=\"http:\/\/pargasmaskinbefal.fi\/index.php\/2017-oro\/\" class=\"more-link\">Continue reading<span class=\"screen-reader-text\"> &#8220;2017 \u00d6r\u00f6&#8221;<\/span><\/a><\/p>\n","protected":false},"author":1,"featured_media":0,"parent":0,"menu_order":0,"comment_status":"closed","ping_status":"closed","template":"","meta":[],"_links":{"self":[{"href":"http:\/\/pargasmaskinbefal.fi\/index.php\/wp-json\/wp\/v2\/pages\/1034"}],"collection":[{"href":"http:\/\/pargasmaskinbefal.fi\/index.php\/wp-json\/wp\/v2\/pages"}],"about":[{"href":"http:\/\/pargasmaskinbefal.fi\/index.php\/wp-json\/wp\/v2\/types\/page"}],"author":[{"embeddable":true,"href":"http:\/\/pargasmaskinbefal.fi\/index.php\/wp-json\/wp\/v2\/users\/1"}],"replies":[{"embeddable":true,"href":"http:\/\/pargasmaskinbefal.fi\/index.php\/wp-json\/wp\/v2\/comments?post=1034"}],"version-history":[{"count":16,"href":"http:\/\/pargasmaskinbefal.fi\/index.php\/wp-json\/wp\/v2\/pages\/1034\/revisions"}],"predecessor-version":[{"id":1124,"href":"http:\/\/pargasmaskinbefal.fi\/index.php\/wp-json\/wp\/v2\/pages\/1034\/revisions\/1124"}],"wp:attachment":[{"href":"http:\/\/pargasmaskinbefal.fi\/index.php\/wp-json\/wp\/v2\/media?parent=1034"}],"curies":[{"name":"wp","href":"https:\/\/api.w.org\/{rel}","templated":true}]}}