{"id":1505,"date":"2023-11-11T18:12:31","date_gmt":"2023-11-11T16:12:31","guid":{"rendered":"http:\/\/pargasmaskinbefal.fi\/?page_id=1505"},"modified":"2023-11-11T19:33:11","modified_gmt":"2023-11-11T17:33:11","slug":"olkiluoto","status":"publish","type":"page","link":"http:\/\/pargasmaskinbefal.fi\/index.php\/olkiluoto\/","title":{"rendered":"Olkiluoto"},"content":{"rendered":"\n<p>F\u00f6reningen gjorde ett bes\u00f6k till Olkiluoto 10.11.2023, 10 medlemmar deltog i resan.<\/p>\n\n\n\n<figure class=\"wp-block-image size-full\"><img loading=\"lazy\" width=\"1000\" height=\"633\" src=\"http:\/\/pargasmaskinbefal.fi\/wp-content\/uploads\/2023\/11\/EPR_OLK3_TVO_fotomont_2_Vogelperspektive.jpg\" alt=\"\" class=\"wp-image-1518\" srcset=\"http:\/\/pargasmaskinbefal.fi\/wp-content\/uploads\/2023\/11\/EPR_OLK3_TVO_fotomont_2_Vogelperspektive.jpg 1000w, http:\/\/pargasmaskinbefal.fi\/wp-content\/uploads\/2023\/11\/EPR_OLK3_TVO_fotomont_2_Vogelperspektive-300x190.jpg 300w, http:\/\/pargasmaskinbefal.fi\/wp-content\/uploads\/2023\/11\/EPR_OLK3_TVO_fotomont_2_Vogelperspektive-768x486.jpg 768w\" sizes=\"(max-width: 767px) 89vw, (max-width: 1000px) 54vw, (max-width: 1071px) 543px, 580px\" \/><\/figure>\n\n\n\n<p>Olkiluoto 1 b\u00f6rjade byggas 1.2.1974 och blev f\u00e4rdig 10.10. 1978, Olkiluoto 2 b\u00f6rjade byggas 1.11.1975 och blev f\u00e4rdig 1.7. 1980. <\/p>\n\n\n\n<figure class=\"wp-block-image size-large\"><img loading=\"lazy\" width=\"1024\" height=\"768\" src=\"http:\/\/pargasmaskinbefal.fi\/wp-content\/uploads\/2023\/11\/1-1024x768.jpg\" alt=\"\" class=\"wp-image-1507\" srcset=\"http:\/\/pargasmaskinbefal.fi\/wp-content\/uploads\/2023\/11\/1-1024x768.jpg 1024w, http:\/\/pargasmaskinbefal.fi\/wp-content\/uploads\/2023\/11\/1-300x225.jpg 300w, http:\/\/pargasmaskinbefal.fi\/wp-content\/uploads\/2023\/11\/1-768x576.jpg 768w, http:\/\/pargasmaskinbefal.fi\/wp-content\/uploads\/2023\/11\/1-1536x1152.jpg 1536w, http:\/\/pargasmaskinbefal.fi\/wp-content\/uploads\/2023\/11\/1-2048x1536.jpg 2048w\" sizes=\"(max-width: 767px) 89vw, (max-width: 1000px) 54vw, (max-width: 1071px) 543px, 580px\" \/><\/figure>\n\n\n\n<p> B\u00e5da av typen kokvattenreaktor BWR, Asea Atom. 890 MW (Byggeffekten var 660 MW, men idag 890 MW)<\/p>\n\n\n\n<figure class=\"wp-block-image size-large\"><img loading=\"lazy\" width=\"1024\" height=\"683\" src=\"http:\/\/pargasmaskinbefal.fi\/wp-content\/uploads\/2023\/11\/2-1024x683.jpg\" alt=\"\" class=\"wp-image-1508\" srcset=\"http:\/\/pargasmaskinbefal.fi\/wp-content\/uploads\/2023\/11\/2-1024x683.jpg 1024w, http:\/\/pargasmaskinbefal.fi\/wp-content\/uploads\/2023\/11\/2-300x200.jpg 300w, http:\/\/pargasmaskinbefal.fi\/wp-content\/uploads\/2023\/11\/2-768x512.jpg 768w, http:\/\/pargasmaskinbefal.fi\/wp-content\/uploads\/2023\/11\/2-1536x1024.jpg 1536w, http:\/\/pargasmaskinbefal.fi\/wp-content\/uploads\/2023\/11\/2-2048x1366.jpg 2048w\" sizes=\"(max-width: 767px) 89vw, (max-width: 1000px) 54vw, (max-width: 1071px) 543px, 580px\" \/><\/figure>\n\n\n\n<p>Olkiluoto 3 blev f\u00e4rdig 16.4.2023. B\u00f6rjade byggas 2005 och borde varit i drift 2009.<\/p>\n\n\n\n<p>Typen \u00e4r en tryckvattenreaktor, EPR, 1600 MW, vilket betyder 3 dje st\u00f6rst i v\u00e4rlden. Reaktorn byggdes av Areva och Siemens. Budgeterade priset var 3,2 miljarder, med alla f\u00f6rseningar torde det idag ligga p\u00e5 runt 11 miljarder.<\/p>\n\n\n\n<figure class=\"wp-block-image size-large\"><img loading=\"lazy\" width=\"1024\" height=\"768\" src=\"http:\/\/pargasmaskinbefal.fi\/wp-content\/uploads\/2023\/11\/7-1024x768.jpg\" alt=\"\" class=\"wp-image-1513\" srcset=\"http:\/\/pargasmaskinbefal.fi\/wp-content\/uploads\/2023\/11\/7-1024x768.jpg 1024w, http:\/\/pargasmaskinbefal.fi\/wp-content\/uploads\/2023\/11\/7-300x225.jpg 300w, http:\/\/pargasmaskinbefal.fi\/wp-content\/uploads\/2023\/11\/7-768x576.jpg 768w, http:\/\/pargasmaskinbefal.fi\/wp-content\/uploads\/2023\/11\/7-1536x1152.jpg 1536w, http:\/\/pargasmaskinbefal.fi\/wp-content\/uploads\/2023\/11\/7.jpg 2000w\" sizes=\"(max-width: 767px) 89vw, (max-width: 1000px) 54vw, (max-width: 1071px) 543px, 580px\" \/><\/figure>\n\n\n\n<p>Under v\u00e5r vistelse var alla tre p\u00e5 full effekt.<\/p>\n\n\n\n<figure class=\"wp-block-image size-large\"><img loading=\"lazy\" width=\"1024\" height=\"768\" src=\"http:\/\/pargasmaskinbefal.fi\/wp-content\/uploads\/2023\/11\/4-1024x768.jpg\" alt=\"\" class=\"wp-image-1510\" srcset=\"http:\/\/pargasmaskinbefal.fi\/wp-content\/uploads\/2023\/11\/4-1024x768.jpg 1024w, http:\/\/pargasmaskinbefal.fi\/wp-content\/uploads\/2023\/11\/4-300x225.jpg 300w, http:\/\/pargasmaskinbefal.fi\/wp-content\/uploads\/2023\/11\/4-768x576.jpg 768w, http:\/\/pargasmaskinbefal.fi\/wp-content\/uploads\/2023\/11\/4-1536x1152.jpg 1536w, http:\/\/pargasmaskinbefal.fi\/wp-content\/uploads\/2023\/11\/4-2048x1536.jpg 2048w\" sizes=\"(max-width: 767px) 89vw, (max-width: 1000px) 54vw, (max-width: 1071px) 543px, 580px\" \/><\/figure>\n\n\n\n<p>Slutf\u00f6rvaringen av det f\u00f6rbrukade br\u00e4nslet blir i tunnlarna under omr\u00e5det i berggrunden. De f\u00f6rsta skall ner om ca. 2 \u00e5r. Beh\u00e5llarna placeras i de h\u00e5l som syns nere till h\u00f6ger ett hundratal. Finland det f\u00f6rsta land som sk\u00f6ter om eget avfall. Det anv\u00e4nda br\u00e4nslet f\u00e5r kyla av sig ca 40 \u00e5r (Olkiluoto 3 ca 60 \u00e5r), innan det fraktas ner till sin slutplacering. Br\u00e4nslestavarnas livsl\u00e4ngd \u00e4r ca 5 \u00e5r, 1\/5 byts ut varje \u00e5r, dvs. ca 100 st.<\/p>\n\n\n\n<figure class=\"wp-block-image size-large\"><img loading=\"lazy\" width=\"1024\" height=\"768\" src=\"http:\/\/pargasmaskinbefal.fi\/wp-content\/uploads\/2023\/11\/3-1024x768.jpg\" alt=\"\" class=\"wp-image-1509\" srcset=\"http:\/\/pargasmaskinbefal.fi\/wp-content\/uploads\/2023\/11\/3-1024x768.jpg 1024w, http:\/\/pargasmaskinbefal.fi\/wp-content\/uploads\/2023\/11\/3-300x225.jpg 300w, http:\/\/pargasmaskinbefal.fi\/wp-content\/uploads\/2023\/11\/3-768x576.jpg 768w, http:\/\/pargasmaskinbefal.fi\/wp-content\/uploads\/2023\/11\/3-1536x1152.jpg 1536w, http:\/\/pargasmaskinbefal.fi\/wp-content\/uploads\/2023\/11\/3-2048x1536.jpg 2048w\" sizes=\"(max-width: 767px) 89vw, (max-width: 1000px) 54vw, (max-width: 1071px) 543px, 580px\" \/><\/figure>\n\n\n\n<p>Stavarna placeras i ett fyrkantigt stativ som l\u00e4gges in i specialbeh\u00e5llaren som sedan l\u00e4ggs ner i h\u00e5let 400 m under ytan. H\u00e5let fylles med en specialbetong.<\/p>\n\n\n\n<figure class=\"wp-block-image size-large\"><img loading=\"lazy\" width=\"1024\" height=\"768\" src=\"http:\/\/pargasmaskinbefal.fi\/wp-content\/uploads\/2023\/11\/5-1024x768.jpg\" alt=\"\" class=\"wp-image-1511\" srcset=\"http:\/\/pargasmaskinbefal.fi\/wp-content\/uploads\/2023\/11\/5-1024x768.jpg 1024w, http:\/\/pargasmaskinbefal.fi\/wp-content\/uploads\/2023\/11\/5-300x225.jpg 300w, http:\/\/pargasmaskinbefal.fi\/wp-content\/uploads\/2023\/11\/5-768x576.jpg 768w, http:\/\/pargasmaskinbefal.fi\/wp-content\/uploads\/2023\/11\/5-1536x1152.jpg 1536w, http:\/\/pargasmaskinbefal.fi\/wp-content\/uploads\/2023\/11\/5-2048x1536.jpg 2048w\" sizes=\"(max-width: 767px) 89vw, (max-width: 1000px) 54vw, (max-width: 1071px) 543px, 580px\" \/><\/figure>\n\n\n\n<p>Inre beh\u00e5llaren \u00e4r av gjutj\u00e4rn, den yttre av koppar. Totalpriset f\u00f6r beh\u00e5llaren inklusive planering \u00e4r ca 1 miljon.<\/p>\n\n\n\n<figure class=\"wp-block-image size-large\"><img loading=\"lazy\" width=\"1024\" height=\"768\" src=\"http:\/\/pargasmaskinbefal.fi\/wp-content\/uploads\/2023\/11\/8-1024x768.jpg\" alt=\"\" class=\"wp-image-1514\" srcset=\"http:\/\/pargasmaskinbefal.fi\/wp-content\/uploads\/2023\/11\/8-1024x768.jpg 1024w, http:\/\/pargasmaskinbefal.fi\/wp-content\/uploads\/2023\/11\/8-300x225.jpg 300w, http:\/\/pargasmaskinbefal.fi\/wp-content\/uploads\/2023\/11\/8-768x576.jpg 768w, http:\/\/pargasmaskinbefal.fi\/wp-content\/uploads\/2023\/11\/8-1536x1152.jpg 1536w, http:\/\/pargasmaskinbefal.fi\/wp-content\/uploads\/2023\/11\/8-2048x1536.jpg 2048w\" sizes=\"(max-width: 767px) 89vw, (max-width: 1000px) 54vw, (max-width: 1071px) 543px, 580px\" \/><\/figure>\n\n\n\n<p>L\u00e5g och medelradioaktivt avfall slutf\u00f6rvaras i ett eget tunnelsystem.<\/p>\n\n\n\n<figure class=\"wp-block-image size-full is-resized\"><img loading=\"lazy\" src=\"http:\/\/pargasmaskinbefal.fi\/wp-content\/uploads\/2023\/11\/11.jpg\" alt=\"\" class=\"wp-image-1517\" width=\"670\" height=\"503\"\/><\/figure>\n\n\n\n<p>H\u00e4r ovanp\u00e5 de tv\u00e5 beh\u00e5llarna p\u00e5 60 m djup.<\/p>\n\n\n\n<figure class=\"wp-block-image size-large\"><img loading=\"lazy\" width=\"1024\" height=\"768\" src=\"http:\/\/pargasmaskinbefal.fi\/wp-content\/uploads\/2023\/11\/6-1024x768.jpg\" alt=\"\" class=\"wp-image-1512\" srcset=\"http:\/\/pargasmaskinbefal.fi\/wp-content\/uploads\/2023\/11\/6-1024x768.jpg 1024w, http:\/\/pargasmaskinbefal.fi\/wp-content\/uploads\/2023\/11\/6-300x225.jpg 300w, http:\/\/pargasmaskinbefal.fi\/wp-content\/uploads\/2023\/11\/6-768x576.jpg 768w, http:\/\/pargasmaskinbefal.fi\/wp-content\/uploads\/2023\/11\/6-1536x1152.jpg 1536w, http:\/\/pargasmaskinbefal.fi\/wp-content\/uploads\/2023\/11\/6-2048x1537.jpg 2048w\" sizes=\"(max-width: 767px) 89vw, (max-width: 1000px) 54vw, (max-width: 1071px) 543px, 580px\" \/><\/figure>\n\n\n\n<p>P\u00e5 60 m djup.<\/p>\n\n\n\n<figure class=\"wp-block-image size-large\"><img loading=\"lazy\" width=\"1024\" height=\"768\" src=\"http:\/\/pargasmaskinbefal.fi\/wp-content\/uploads\/2023\/11\/9-1024x768.jpg\" alt=\"\" class=\"wp-image-1515\" srcset=\"http:\/\/pargasmaskinbefal.fi\/wp-content\/uploads\/2023\/11\/9-1024x768.jpg 1024w, http:\/\/pargasmaskinbefal.fi\/wp-content\/uploads\/2023\/11\/9-300x225.jpg 300w, http:\/\/pargasmaskinbefal.fi\/wp-content\/uploads\/2023\/11\/9-768x576.jpg 768w, http:\/\/pargasmaskinbefal.fi\/wp-content\/uploads\/2023\/11\/9-1536x1152.jpg 1536w, http:\/\/pargasmaskinbefal.fi\/wp-content\/uploads\/2023\/11\/9-2048x1536.jpg 2048w\" sizes=\"(max-width: 767px) 89vw, (max-width: 1000px) 54vw, (max-width: 1071px) 543px, 580px\" \/><\/figure>\n\n\n\n<p><\/p>\n\n\n\n<p><strong>Lite om s\u00e4kerhet<\/strong><\/p>\n\n\n\n<p>Kylvattensystemen f\u00f6r OL1&amp;2 och OL3 \u00e4r 4 helt separata, i egna byggnader, med egna n\u00f6dgeneratorer. Behovet runt 38 kubik\/sek. Kylvattnet v\u00e4rms upp ca. 11 grader.<\/p>\n\n\n\n<p>P\u00e5 omr\u00e5det finns eget dieselkraftverk, samt en gasturbin som k\u00f6res p\u00e5 diesel.<\/p>\n\n\n\n<p>Reaktorn \u00e4r omsluten av dubbla skal, det inre helt t\u00e4tt mot yttre v\u00e4rlden, det yttre skyddar mot skadeg\u00f6relse p\u00e5 yttre sidan.<\/p>\n\n\n\n<p><\/p>\n\n\n\n<p><strong>Lite om driften<\/strong><\/p>\n\n\n\n<p>2018 var den genomsnittliga kapacitetsfaktorn i v\u00e4rlden 74,5%.<\/p>\n\n\n\n<p>2018 var Olkiluoto 1 &amp; 2 kapacitetsfactor 92,4% resp. 93%.<\/p>\n\n\n\n<p>2018 var Forsmark 1 &amp; 2 kapacitetsfactor 82,8% resp. 80,6%<\/p>\n\n\n\n<p>\u00c5rligen fodras ca 4 veckors servicestopp f\u00f6r att byta ut br\u00e4nslestavarna.<\/p>\n","protected":false},"excerpt":{"rendered":"<p>F\u00f6reningen gjorde ett bes\u00f6k till Olkiluoto 10.11.2023, 10 medlemmar deltog i resan. Olkiluoto 1 b\u00f6rjade byggas 1.2.1974 och blev f\u00e4rdig 10.10. 1978, Olkiluoto 2 b\u00f6rjade byggas 1.11.1975 och blev f\u00e4rdig 1.7. 1980. B\u00e5da av typen kokvattenreaktor BWR, Asea Atom. 890 MW (Byggeffekten var 660 MW, men idag 890 MW) Olkiluoto 3 blev f\u00e4rdig 16.4.2023. B\u00f6rjade &hellip; <\/p>\n<p class=\"link-more\"><a href=\"http:\/\/pargasmaskinbefal.fi\/index.php\/olkiluoto\/\" class=\"more-link\">Continue reading<span class=\"screen-reader-text\"> &#8220;Olkiluoto&#8221;<\/span><\/a><\/p>\n","protected":false},"author":1,"featured_media":0,"parent":0,"menu_order":0,"comment_status":"closed","ping_status":"closed","template":"","meta":[],"_links":{"self":[{"href":"http:\/\/pargasmaskinbefal.fi\/index.php\/wp-json\/wp\/v2\/pages\/1505"}],"collection":[{"href":"http:\/\/pargasmaskinbefal.fi\/index.php\/wp-json\/wp\/v2\/pages"}],"about":[{"href":"http:\/\/pargasmaskinbefal.fi\/index.php\/wp-json\/wp\/v2\/types\/page"}],"author":[{"embeddable":true,"href":"http:\/\/pargasmaskinbefal.fi\/index.php\/wp-json\/wp\/v2\/users\/1"}],"replies":[{"embeddable":true,"href":"http:\/\/pargasmaskinbefal.fi\/index.php\/wp-json\/wp\/v2\/comments?post=1505"}],"version-history":[{"count":9,"href":"http:\/\/pargasmaskinbefal.fi\/index.php\/wp-json\/wp\/v2\/pages\/1505\/revisions"}],"predecessor-version":[{"id":1532,"href":"http:\/\/pargasmaskinbefal.fi\/index.php\/wp-json\/wp\/v2\/pages\/1505\/revisions\/1532"}],"wp:attachment":[{"href":"http:\/\/pargasmaskinbefal.fi\/index.php\/wp-json\/wp\/v2\/media?parent=1505"}],"curies":[{"name":"wp","href":"https:\/\/api.w.org\/{rel}","templated":true}]}}