{"id":746,"date":"2017-02-16T14:03:12","date_gmt":"2017-02-16T12:03:12","guid":{"rendered":"http:\/\/pargasmaskinbefal.fi\/?page_id=746"},"modified":"2017-02-16T16:47:02","modified_gmt":"2017-02-16T14:47:02","slug":"verksamhet","status":"publish","type":"page","link":"http:\/\/pargasmaskinbefal.fi\/index.php\/verksamhet\/","title":{"rendered":"Verksamhet"},"content":{"rendered":"<p>&nbsp;<\/p>\n<p><strong>Verksamhetsber\u00e4ttelse f\u00f6r Pargas Maskinbef\u00e4lsf\u00f6rening \u00e5r 2016 .<\/strong><\/p>\n<p><strong>\u00a0<\/strong><\/p>\n<p>Det g\u00e5ngna \u00e5ret var f\u00f6reningens 91:de verksamhets\u00e5r. Tage Johansson har fungerat som f\u00f6reningens ordf\u00f6rande.<\/p>\n<p>Styrelsen under verksamhets\u00e5ret: Lars Andersson, Lasse Alhonen, Bj\u00f6rn Eklund, Tore Sj\u00f6blom, Jan-Erik S\u00f6derholm (vice ordf.) och Berndt Karlsson sekreterare.<\/p>\n<p>Styrelsesuppleanter: Jan-Anders Sj\u00f6blom.<\/p>\n<p>Verksamhetsgranskare: B\u00f6rje Engstr\u00f6m och Bertil Rantala.<\/p>\n<p>Verksamhetsgranskarsuppleant: Kenneth Holmqvist och Jan Enkvist.<\/p>\n<p>Pressombud: Tore Sj\u00f6blom.<\/p>\n<p>Kass\u00f6r: Jan-Erik S\u00f6derholm.<\/p>\n<p>&nbsp;<\/p>\n<p>Under \u00e5ret har fyra styrelsem\u00f6ten h\u00e5llits samt fyra f\u00f6reningsm\u00f6ten.<\/p>\n<p>Under \u00e5ret har 4 medlemmar fyllt 60 \u00e5r, 3 medlemmar 70\u00e5r, 1 medlem fyllt 80 \u00e5r , samt 1 medlem 90 \u00e5r. Samtliga medlemmar har uppvaktats.<\/p>\n<p>Under perioden har en medlem intagits i f\u00f6reningen, fem medlemmar har uteslutits, en medlem har avlidit.<\/p>\n<p>Styrelsemedlemmen Tore Sj\u00f6blom avled 20.5.2016. Hans uppgift sk\u00f6ttes d\u00e4refter av<br \/>\nJan-Anders Sj\u00f6blom.<\/p>\n<p>Vid periodens b\u00f6rjan var f\u00f6reningens medlemsantal 89.<\/p>\n<p>Intressepris f\u00f6r 2016 utdelas inte detta \u00e5r.<\/p>\n<p>Pargas Maskinbef\u00e4lsf\u00f6reningens hemsida sk\u00f6ts av Jan-Erik S\u00f6derholm.<br \/>\nUppdatering av sidan p\u00e5g\u00e5r.<\/p>\n<p>Pargas Maskinbef\u00e4lsf\u00f6rening ordnade en resa till Gdansk i Polen 13-16.9. 2016.<br \/>\nf\u00f6r sina medlemmar med avec.,14 st. deltog i resan.<br \/>\nResearrangemangen sk\u00f6ttes av resebyr\u00e5 Forte enligt medlemmarnas \u00f6nskem\u00e5l.<br \/>\nResan uppskattades av deltagarna.<\/p>\n<p>Finlands Maskinbef\u00e4lsf\u00f6rbunds f\u00f6rbundsm\u00f6te h\u00f6lls 23-24.4. 2016.<br \/>\nOrdf\u00f6rande Tage Johansson deltog i m\u00f6tet. Han blev vald till f\u00f6rste styrelsesuppleant f\u00f6r Helsingfors svenska maskinbef\u00e4lsf\u00f6rening.<\/p>\n<p>F\u00f6r \u00f6vrigt har f\u00f6reningen behandlat aktuella fr\u00e5gor inom branschen.<\/p>\n<p>Styrelsen tackar f\u00f6r det g\u00e5ngna \u00e5ret.<\/p>\n<p>&nbsp;<\/p>\n<p><a href=\"http:\/\/pargasmaskinbefal.fi\/index.php\/2017\/01\/30\/hello-world\/\"><em><strong><span style=\"color: #0000ff;\">Home<\/span><\/strong><\/em><\/a><\/p>\n","protected":false},"excerpt":{"rendered":"<p>&nbsp; Verksamhetsber\u00e4ttelse f\u00f6r Pargas Maskinbef\u00e4lsf\u00f6rening \u00e5r 2016 . \u00a0 Det g\u00e5ngna \u00e5ret var f\u00f6reningens 91:de verksamhets\u00e5r. Tage Johansson har fungerat som f\u00f6reningens ordf\u00f6rande. Styrelsen under verksamhets\u00e5ret: Lars Andersson, Lasse Alhonen, Bj\u00f6rn Eklund, Tore Sj\u00f6blom, Jan-Erik S\u00f6derholm (vice ordf.) och Berndt Karlsson sekreterare. Styrelsesuppleanter: Jan-Anders Sj\u00f6blom. Verksamhetsgranskare: B\u00f6rje Engstr\u00f6m och Bertil Rantala. Verksamhetsgranskarsuppleant: Kenneth Holmqvist och &hellip; <\/p>\n<p class=\"link-more\"><a href=\"http:\/\/pargasmaskinbefal.fi\/index.php\/verksamhet\/\" class=\"more-link\">Continue reading<span class=\"screen-reader-text\"> &#8220;Verksamhet&#8221;<\/span><\/a><\/p>\n","protected":false},"author":1,"featured_media":0,"parent":0,"menu_order":0,"comment_status":"closed","ping_status":"closed","template":"","meta":[],"_links":{"self":[{"href":"http:\/\/pargasmaskinbefal.fi\/index.php\/wp-json\/wp\/v2\/pages\/746"}],"collection":[{"href":"http:\/\/pargasmaskinbefal.fi\/index.php\/wp-json\/wp\/v2\/pages"}],"about":[{"href":"http:\/\/pargasmaskinbefal.fi\/index.php\/wp-json\/wp\/v2\/types\/page"}],"author":[{"embeddable":true,"href":"http:\/\/pargasmaskinbefal.fi\/index.php\/wp-json\/wp\/v2\/users\/1"}],"replies":[{"embeddable":true,"href":"http:\/\/pargasmaskinbefal.fi\/index.php\/wp-json\/wp\/v2\/comments?post=746"}],"version-history":[{"count":6,"href":"http:\/\/pargasmaskinbefal.fi\/index.php\/wp-json\/wp\/v2\/pages\/746\/revisions"}],"predecessor-version":[{"id":824,"href":"http:\/\/pargasmaskinbefal.fi\/index.php\/wp-json\/wp\/v2\/pages\/746\/revisions\/824"}],"wp:attachment":[{"href":"http:\/\/pargasmaskinbefal.fi\/index.php\/wp-json\/wp\/v2\/media?parent=746"}],"curies":[{"name":"wp","href":"https:\/\/api.w.org\/{rel}","templated":true}]}}