{"id":1078,"date":"2017-09-29T15:30:34","date_gmt":"2017-09-29T13:30:34","guid":{"rendered":"http:\/\/pargasmaskinbefal.fi\/?page_id=1078"},"modified":"2021-03-24T12:49:22","modified_gmt":"2021-03-24T10:49:22","slug":"2017-05-11-varmote","status":"publish","type":"page","link":"https:\/\/pargasmaskinbefal.fi\/index.php\/2017-05-11-varmote\/","title":{"rendered":"2015"},"content":{"rendered":"<p><strong>Verksamhetsber\u00e4ttelse f\u00f6r Pargas Maskinbef\u00e4lsf\u00f6rening \u00e5r 2015 .<\/strong><\/p>\n<p><strong>\u00a0<\/strong>Det g\u00e5ngna \u00e5ret var f\u00f6reningens <strong>90:de<\/strong> verksamhets\u00e5r.<\/p>\n<p><strong>Tage Johansson<\/strong> har fungerat som f\u00f6reningens ordf\u00f6rande.<\/p>\n<p><strong>Jan-Erik S\u00f6derholm<\/strong> har fungerat som vice ordf\u00f6rande samt kass\u00f6r<\/p>\n<p><strong>Berndt Karlsson<\/strong> har fungerat som f\u00f6reningens sekreterare.<\/p>\n<p>Styrelsen ordinarie medlemmar har varit: <strong>Tage Johansson<\/strong>, <strong>Lars Andersson,<\/strong><strong>Lasse Alhonen, Bj\u00f6rn Eklund, Tore Sj\u00f6blom, Jan-Erik S\u00f6derholm och <\/strong><strong>Berndt Karlsson.<\/strong><\/p>\n<p>Styrelsesuppleanter: <strong>Jan-Anders Sj\u00f6blom\u00a0och Kenneth Holmqvist.<\/strong><\/p>\n<p>Verksamhetsgranskare: <strong>B\u00f6rje Engstr\u00f6m och Bertil Rantala.<\/strong><\/p>\n<p>Verksamhetsgranskarsuppleant: <strong>Jan Enkvist och<\/strong> <strong>Kenneth Holmqvist<\/strong><strong>.<\/strong><\/p>\n<p>Pressombud: <strong>Tore Sj\u00f6blom.<\/strong><\/p>\n<p>Under \u00e5ret har fyra styrelsem\u00f6ten h\u00e5llits samt fyra f\u00f6reningsm\u00f6ten.<\/p>\n<p>Vid periodens b\u00f6rjan var f\u00f6reningens medlemsantal 86.<\/p>\n<p>Under \u00e5ret har 1 medlem fyllt 50 \u00e5r, 4 medlemmar har fyllt 60 \u00e5r, 3 medlemmar 70\u00e5r.\u00a0Samtliga medlemmar har uppvaktats.<\/p>\n<p>Under perioden har fyra medlemmar intagits i f\u00f6reningen.<\/p>\n<p>Pargas Maskinbef\u00e4lsf\u00f6rening firade sina 90 \u00e5r med fest f\u00f6r medlemmar med avec p\u00e5\u00a0SPA Hotel N\u00e5dendal veckoslutet 21-22.3.2015.<\/p>\n<p>F\u00f6r \u00f6vrigt har f\u00f6reningen behandlat aktuella fr\u00e5gor inom branschen<\/p>\n<p>Styrelsen tackar alla medlemmar f\u00f6r det g\u00e5ngna \u00e5ret.<\/p>\n<p>Pargas den 10.2.2015<\/p>\n<p><a href=\"http:\/\/pargasmaskinbefal.fi\/index.php\/aktuellt\/\"><em><strong><span style=\"color: #0000ff;\">Home<\/span><\/strong><\/em><\/a><\/p>\n","protected":false},"excerpt":{"rendered":"<p>Verksamhetsber\u00e4ttelse f\u00f6r Pargas Maskinbef\u00e4lsf\u00f6rening \u00e5r 2015 . \u00a0Det g\u00e5ngna \u00e5ret var f\u00f6reningens 90:de verksamhets\u00e5r. Tage Johansson har fungerat som f\u00f6reningens ordf\u00f6rande. Jan-Erik S\u00f6derholm har fungerat som vice ordf\u00f6rande samt kass\u00f6r Berndt Karlsson har fungerat som f\u00f6reningens sekreterare. Styrelsen ordinarie medlemmar har varit: Tage Johansson, Lars Andersson,Lasse Alhonen, Bj\u00f6rn Eklund, Tore Sj\u00f6blom, Jan-Erik S\u00f6derholm och Berndt &hellip; <\/p>\n<p class=\"link-more\"><a href=\"https:\/\/pargasmaskinbefal.fi\/index.php\/2017-05-11-varmote\/\" class=\"more-link\">Continue reading<span class=\"screen-reader-text\"> &#8220;2015&#8221;<\/span><\/a><\/p>\n","protected":false},"author":1,"featured_media":0,"parent":0,"menu_order":0,"comment_status":"closed","ping_status":"closed","template":"","meta":[],"_links":{"self":[{"href":"https:\/\/pargasmaskinbefal.fi\/index.php\/wp-json\/wp\/v2\/pages\/1078"}],"collection":[{"href":"https:\/\/pargasmaskinbefal.fi\/index.php\/wp-json\/wp\/v2\/pages"}],"about":[{"href":"https:\/\/pargasmaskinbefal.fi\/index.php\/wp-json\/wp\/v2\/types\/page"}],"author":[{"embeddable":true,"href":"https:\/\/pargasmaskinbefal.fi\/index.php\/wp-json\/wp\/v2\/users\/1"}],"replies":[{"embeddable":true,"href":"https:\/\/pargasmaskinbefal.fi\/index.php\/wp-json\/wp\/v2\/comments?post=1078"}],"version-history":[{"count":24,"href":"https:\/\/pargasmaskinbefal.fi\/index.php\/wp-json\/wp\/v2\/pages\/1078\/revisions"}],"predecessor-version":[{"id":1360,"href":"https:\/\/pargasmaskinbefal.fi\/index.php\/wp-json\/wp\/v2\/pages\/1078\/revisions\/1360"}],"wp:attachment":[{"href":"https:\/\/pargasmaskinbefal.fi\/index.php\/wp-json\/wp\/v2\/media?parent=1078"}],"curies":[{"name":"wp","href":"https:\/\/api.w.org\/{rel}","templated":true}]}}