{"id":1125,"date":"2017-10-11T13:27:53","date_gmt":"2017-10-11T11:27:53","guid":{"rendered":"http:\/\/pargasmaskinbefal.fi\/?page_id=1125"},"modified":"2017-11-29T10:02:38","modified_gmt":"2017-11-29T08:02:38","slug":"ovriga-aktiviteter","status":"publish","type":"page","link":"https:\/\/pargasmaskinbefal.fi\/index.php\/ovriga-aktiviteter\/","title":{"rendered":"Elektra"},"content":{"rendered":"<p>Ett studiebes\u00f6k gjordes till den eldrivna landsv\u00e4gsf\u00e4rjan Elektra i oktober. Som guide hade vi v\u00e5r f\u00f6reningsmedlem Leif Jakobsson, tack till honom.<\/p>\n<p><img loading=\"lazy\" class=\"alignnone wp-image-1126 size-full\" src=\"http:\/\/pargasmaskinbefal.fi\/wp-content\/uploads\/2017\/10\/DSC01636.jpg\" width=\"4000\" height=\"3000\" srcset=\"https:\/\/pargasmaskinbefal.fi\/wp-content\/uploads\/2017\/10\/DSC01636.jpg 4000w, https:\/\/pargasmaskinbefal.fi\/wp-content\/uploads\/2017\/10\/DSC01636-300x225.jpg 300w, https:\/\/pargasmaskinbefal.fi\/wp-content\/uploads\/2017\/10\/DSC01636-768x576.jpg 768w, https:\/\/pargasmaskinbefal.fi\/wp-content\/uploads\/2017\/10\/DSC01636-1024x768.jpg 1024w\" sizes=\"(max-width: 767px) 89vw, (max-width: 1000px) 54vw, (max-width: 1071px) 543px, 580px\" \/><\/p>\n<p>Elektra \u00e4r Finlands f\u00f6rsta eldrivna f\u00e4rja, trafikerar mellan Pargas och Nagu.<\/p>\n<p>F\u00e4rjan \u00e4r byggd i Polen, d\u00f6ptes 29.5.2017 i \u00c5bo. F\u00e4rjan \u00e4r 97,92 m l\u00e5ng, 15,20 meter bredd och har en kapacitet p\u00e5 90 personbilar.<\/p>\n<p>Elektra \u00e4r en hybridf\u00e4rja. Laddning av batterierna sker i b\u00e5da \u00e4ndhamnarna, samt vid behov med 3 dieselgeneratorer. \u00a0Vidare finns solpaneler p\u00e5 b\u00e5da sidan av bryggan.<\/p>\n<p><img loading=\"lazy\" class=\"alignnone wp-image-1133 size-full\" src=\"http:\/\/pargasmaskinbefal.fi\/wp-content\/uploads\/2017\/10\/FullSizeRender.jpg\" width=\"2048\" height=\"1328\" srcset=\"https:\/\/pargasmaskinbefal.fi\/wp-content\/uploads\/2017\/10\/FullSizeRender.jpg 2048w, https:\/\/pargasmaskinbefal.fi\/wp-content\/uploads\/2017\/10\/FullSizeRender-300x195.jpg 300w, https:\/\/pargasmaskinbefal.fi\/wp-content\/uploads\/2017\/10\/FullSizeRender-768x498.jpg 768w, https:\/\/pargasmaskinbefal.fi\/wp-content\/uploads\/2017\/10\/FullSizeRender-1024x664.jpg 1024w\" sizes=\"(max-width: 767px) 89vw, (max-width: 1000px) 54vw, (max-width: 1071px) 543px, 580px\" \/><\/p>\n<p><img loading=\"lazy\" class=\"alignnone wp-image-1134 size-full\" src=\"http:\/\/pargasmaskinbefal.fi\/wp-content\/uploads\/2017\/10\/FullSizeRender-1.jpg\" width=\"1957\" height=\"1147\" srcset=\"https:\/\/pargasmaskinbefal.fi\/wp-content\/uploads\/2017\/10\/FullSizeRender-1.jpg 1957w, https:\/\/pargasmaskinbefal.fi\/wp-content\/uploads\/2017\/10\/FullSizeRender-1-300x176.jpg 300w, https:\/\/pargasmaskinbefal.fi\/wp-content\/uploads\/2017\/10\/FullSizeRender-1-768x450.jpg 768w, https:\/\/pargasmaskinbefal.fi\/wp-content\/uploads\/2017\/10\/FullSizeRender-1-1024x600.jpg 1024w\" sizes=\"(max-width: 767px) 89vw, (max-width: 1000px) 54vw, (max-width: 1071px) 543px, 580px\" \/><\/p>\n<p>&nbsp;<\/p>\n","protected":false},"excerpt":{"rendered":"<p>Ett studiebes\u00f6k gjordes till den eldrivna landsv\u00e4gsf\u00e4rjan Elektra i oktober. Som guide hade vi v\u00e5r f\u00f6reningsmedlem Leif Jakobsson, tack till honom. Elektra \u00e4r Finlands f\u00f6rsta eldrivna f\u00e4rja, trafikerar mellan Pargas och Nagu. F\u00e4rjan \u00e4r byggd i Polen, d\u00f6ptes 29.5.2017 i \u00c5bo. F\u00e4rjan \u00e4r 97,92 m l\u00e5ng, 15,20 meter bredd och har en kapacitet p\u00e5 90 &hellip; <\/p>\n<p class=\"link-more\"><a href=\"https:\/\/pargasmaskinbefal.fi\/index.php\/ovriga-aktiviteter\/\" class=\"more-link\">Continue reading<span class=\"screen-reader-text\"> &#8220;Elektra&#8221;<\/span><\/a><\/p>\n","protected":false},"author":1,"featured_media":0,"parent":0,"menu_order":0,"comment_status":"closed","ping_status":"closed","template":"","meta":[],"_links":{"self":[{"href":"https:\/\/pargasmaskinbefal.fi\/index.php\/wp-json\/wp\/v2\/pages\/1125"}],"collection":[{"href":"https:\/\/pargasmaskinbefal.fi\/index.php\/wp-json\/wp\/v2\/pages"}],"about":[{"href":"https:\/\/pargasmaskinbefal.fi\/index.php\/wp-json\/wp\/v2\/types\/page"}],"author":[{"embeddable":true,"href":"https:\/\/pargasmaskinbefal.fi\/index.php\/wp-json\/wp\/v2\/users\/1"}],"replies":[{"embeddable":true,"href":"https:\/\/pargasmaskinbefal.fi\/index.php\/wp-json\/wp\/v2\/comments?post=1125"}],"version-history":[{"count":5,"href":"https:\/\/pargasmaskinbefal.fi\/index.php\/wp-json\/wp\/v2\/pages\/1125\/revisions"}],"predecessor-version":[{"id":1504,"href":"https:\/\/pargasmaskinbefal.fi\/index.php\/wp-json\/wp\/v2\/pages\/1125\/revisions\/1504"}],"wp:attachment":[{"href":"https:\/\/pargasmaskinbefal.fi\/index.php\/wp-json\/wp\/v2\/media?parent=1125"}],"curies":[{"name":"wp","href":"https:\/\/api.w.org\/{rel}","templated":true}]}}