{"id":1237,"date":"2018-03-09T20:45:20","date_gmt":"2018-03-09T18:45:20","guid":{"rendered":"http:\/\/pargasmaskinbefal.fi\/?page_id=1237"},"modified":"2018-03-09T20:47:37","modified_gmt":"2018-03-09T18:47:37","slug":"axxell-pargas","status":"publish","type":"page","link":"https:\/\/pargasmaskinbefal.fi\/index.php\/axxell-pargas\/","title":{"rendered":"Axxell &#8211; Pargas"},"content":{"rendered":"<p>Maskinbef\u00e4lsf\u00f6reningen (nio medlemmar) bes\u00f6kte 8.3.2018 den nya maskinhallen i Pargas som i f\u00f6rsta hand skall anv\u00e4ndas till skolningen av blivande vaktmaskinm\u00e4stare.<\/p>\n<p>Dieseln \u00e4r fr\u00e5n Alfons H\u00e5kans och Alfa-Laval st\u00e5r f\u00f6r separator, br\u00e4nslehanteringsmodul, samt kylarpaketet.<\/p>\n<p>Det finns \u00e4ven ett pannaggregat, samt tillh\u00f6rande &#8220;hotwell&#8221; f\u00f6r simulering av \u00e5ngsystem, provtagningar av pannvattnet etc. Pannan \u00e4r dock endast en vanlig villapanna.<\/p>\n<p><img loading=\"lazy\" class=\"alignnone wp-image-1243 size-full\" src=\"http:\/\/pargasmaskinbefal.fi\/wp-content\/uploads\/2018\/03\/Axxell-1.jpg\" width=\"6000\" height=\"4000\" srcset=\"https:\/\/pargasmaskinbefal.fi\/wp-content\/uploads\/2018\/03\/Axxell-1.jpg 6000w, https:\/\/pargasmaskinbefal.fi\/wp-content\/uploads\/2018\/03\/Axxell-1-300x200.jpg 300w, https:\/\/pargasmaskinbefal.fi\/wp-content\/uploads\/2018\/03\/Axxell-1-768x512.jpg 768w, https:\/\/pargasmaskinbefal.fi\/wp-content\/uploads\/2018\/03\/Axxell-1-1024x683.jpg 1024w\" sizes=\"(max-width: 767px) 89vw, (max-width: 1000px) 54vw, (max-width: 1071px) 543px, 580px\" \/><\/p>\n<p><img loading=\"lazy\" class=\"alignnone wp-image-1244 size-full\" src=\"http:\/\/pargasmaskinbefal.fi\/wp-content\/uploads\/2018\/03\/Axxell-2.jpg\" width=\"6000\" height=\"4000\" srcset=\"https:\/\/pargasmaskinbefal.fi\/wp-content\/uploads\/2018\/03\/Axxell-2.jpg 6000w, https:\/\/pargasmaskinbefal.fi\/wp-content\/uploads\/2018\/03\/Axxell-2-300x200.jpg 300w, https:\/\/pargasmaskinbefal.fi\/wp-content\/uploads\/2018\/03\/Axxell-2-768x512.jpg 768w, https:\/\/pargasmaskinbefal.fi\/wp-content\/uploads\/2018\/03\/Axxell-2-1024x683.jpg 1024w\" sizes=\"(max-width: 767px) 89vw, (max-width: 1000px) 54vw, (max-width: 1071px) 543px, 580px\" \/><\/p>\n<p><img loading=\"lazy\" class=\"alignnone wp-image-1240 size-full\" src=\"http:\/\/pargasmaskinbefal.fi\/wp-content\/uploads\/2018\/03\/Axell-3.jpg\" width=\"6000\" height=\"4000\" srcset=\"https:\/\/pargasmaskinbefal.fi\/wp-content\/uploads\/2018\/03\/Axell-3.jpg 6000w, https:\/\/pargasmaskinbefal.fi\/wp-content\/uploads\/2018\/03\/Axell-3-300x200.jpg 300w, https:\/\/pargasmaskinbefal.fi\/wp-content\/uploads\/2018\/03\/Axell-3-768x512.jpg 768w, https:\/\/pargasmaskinbefal.fi\/wp-content\/uploads\/2018\/03\/Axell-3-1024x683.jpg 1024w\" sizes=\"(max-width: 767px) 89vw, (max-width: 1000px) 54vw, (max-width: 1071px) 543px, 580px\" \/><\/p>\n<p><img loading=\"lazy\" class=\"alignnone wp-image-1241 size-full\" src=\"http:\/\/pargasmaskinbefal.fi\/wp-content\/uploads\/2018\/03\/Axell-4.jpg\" width=\"6000\" height=\"4000\" srcset=\"https:\/\/pargasmaskinbefal.fi\/wp-content\/uploads\/2018\/03\/Axell-4.jpg 6000w, https:\/\/pargasmaskinbefal.fi\/wp-content\/uploads\/2018\/03\/Axell-4-300x200.jpg 300w, https:\/\/pargasmaskinbefal.fi\/wp-content\/uploads\/2018\/03\/Axell-4-768x512.jpg 768w, https:\/\/pargasmaskinbefal.fi\/wp-content\/uploads\/2018\/03\/Axell-4-1024x683.jpg 1024w\" sizes=\"(max-width: 767px) 89vw, (max-width: 1000px) 54vw, (max-width: 1071px) 543px, 580px\" \/><\/p>\n<p><img loading=\"lazy\" class=\"alignnone wp-image-1242 size-full\" src=\"http:\/\/pargasmaskinbefal.fi\/wp-content\/uploads\/2018\/03\/Axell-5.jpg\" width=\"6000\" height=\"4000\" srcset=\"https:\/\/pargasmaskinbefal.fi\/wp-content\/uploads\/2018\/03\/Axell-5.jpg 6000w, https:\/\/pargasmaskinbefal.fi\/wp-content\/uploads\/2018\/03\/Axell-5-300x200.jpg 300w, https:\/\/pargasmaskinbefal.fi\/wp-content\/uploads\/2018\/03\/Axell-5-768x512.jpg 768w, https:\/\/pargasmaskinbefal.fi\/wp-content\/uploads\/2018\/03\/Axell-5-1024x683.jpg 1024w\" sizes=\"(max-width: 767px) 89vw, (max-width: 1000px) 54vw, (max-width: 1071px) 543px, 580px\" \/><\/p>\n<p><img loading=\"lazy\" class=\"alignnone wp-image-1245 size-full\" src=\"http:\/\/pargasmaskinbefal.fi\/wp-content\/uploads\/2018\/03\/Axxell-6.jpg\" width=\"6000\" height=\"4000\" srcset=\"https:\/\/pargasmaskinbefal.fi\/wp-content\/uploads\/2018\/03\/Axxell-6.jpg 6000w, https:\/\/pargasmaskinbefal.fi\/wp-content\/uploads\/2018\/03\/Axxell-6-300x200.jpg 300w, https:\/\/pargasmaskinbefal.fi\/wp-content\/uploads\/2018\/03\/Axxell-6-768x512.jpg 768w, https:\/\/pargasmaskinbefal.fi\/wp-content\/uploads\/2018\/03\/Axxell-6-1024x683.jpg 1024w\" sizes=\"(max-width: 767px) 89vw, (max-width: 1000px) 54vw, (max-width: 1071px) 543px, 580px\" \/><\/p>\n<p>En lunch p\u00e5 Axxells kock och restaurangskola avnj\u00f6ts till allas bel\u00e5tenhet.<\/p>\n","protected":false},"excerpt":{"rendered":"<p>Maskinbef\u00e4lsf\u00f6reningen (nio medlemmar) bes\u00f6kte 8.3.2018 den nya maskinhallen i Pargas som i f\u00f6rsta hand skall anv\u00e4ndas till skolningen av blivande vaktmaskinm\u00e4stare. Dieseln \u00e4r fr\u00e5n Alfons H\u00e5kans och Alfa-Laval st\u00e5r f\u00f6r separator, br\u00e4nslehanteringsmodul, samt kylarpaketet. Det finns \u00e4ven ett pannaggregat, samt tillh\u00f6rande &#8220;hotwell&#8221; f\u00f6r simulering av \u00e5ngsystem, provtagningar av pannvattnet etc. Pannan \u00e4r dock endast en &hellip; <\/p>\n<p class=\"link-more\"><a href=\"https:\/\/pargasmaskinbefal.fi\/index.php\/axxell-pargas\/\" class=\"more-link\">Continue reading<span class=\"screen-reader-text\"> &#8220;Axxell &#8211; Pargas&#8221;<\/span><\/a><\/p>\n","protected":false},"author":1,"featured_media":0,"parent":0,"menu_order":0,"comment_status":"closed","ping_status":"closed","template":"","meta":[],"_links":{"self":[{"href":"https:\/\/pargasmaskinbefal.fi\/index.php\/wp-json\/wp\/v2\/pages\/1237"}],"collection":[{"href":"https:\/\/pargasmaskinbefal.fi\/index.php\/wp-json\/wp\/v2\/pages"}],"about":[{"href":"https:\/\/pargasmaskinbefal.fi\/index.php\/wp-json\/wp\/v2\/types\/page"}],"author":[{"embeddable":true,"href":"https:\/\/pargasmaskinbefal.fi\/index.php\/wp-json\/wp\/v2\/users\/1"}],"replies":[{"embeddable":true,"href":"https:\/\/pargasmaskinbefal.fi\/index.php\/wp-json\/wp\/v2\/comments?post=1237"}],"version-history":[{"count":3,"href":"https:\/\/pargasmaskinbefal.fi\/index.php\/wp-json\/wp\/v2\/pages\/1237\/revisions"}],"predecessor-version":[{"id":1250,"href":"https:\/\/pargasmaskinbefal.fi\/index.php\/wp-json\/wp\/v2\/pages\/1237\/revisions\/1250"}],"wp:attachment":[{"href":"https:\/\/pargasmaskinbefal.fi\/index.php\/wp-json\/wp\/v2\/media?parent=1237"}],"curies":[{"name":"wp","href":"https:\/\/api.w.org\/{rel}","templated":true}]}}