{"id":1261,"date":"2018-11-01T18:08:15","date_gmt":"2018-11-01T16:08:15","guid":{"rendered":"http:\/\/pargasmaskinbefal.fi\/?page_id=1261"},"modified":"2018-11-01T18:09:33","modified_gmt":"2018-11-01T16:09:33","slug":"aboa-mare","status":"publish","type":"page","link":"https:\/\/pargasmaskinbefal.fi\/index.php\/aboa-mare\/","title":{"rendered":"Aboa Mare"},"content":{"rendered":"<p>Ett studiebes\u00f6k gjordes 1.11.2018 till Aboa Mare. Totalt nio medlemmar deltog.<\/p>\n<p><img loading=\"lazy\" class=\"alignnone size-medium wp-image-1262\" src=\"http:\/\/pargasmaskinbefal.fi\/wp-content\/uploads\/2018\/11\/AboaMare_1-300x169.jpg\" alt=\"\" width=\"300\" height=\"169\" srcset=\"https:\/\/pargasmaskinbefal.fi\/wp-content\/uploads\/2018\/11\/AboaMare_1-300x169.jpg 300w, https:\/\/pargasmaskinbefal.fi\/wp-content\/uploads\/2018\/11\/AboaMare_1-768x432.jpg 768w, https:\/\/pargasmaskinbefal.fi\/wp-content\/uploads\/2018\/11\/AboaMare_1-1024x576.jpg 1024w\" sizes=\"(max-width: 300px) 100vw, 300px\" \/><\/p>\n<p>Tanken var att bekanta oss fr\u00e4mst med maskinrums simulatorn,<\/p>\n<p><img loading=\"lazy\" class=\"alignnone size-medium wp-image-1263\" src=\"http:\/\/pargasmaskinbefal.fi\/wp-content\/uploads\/2018\/11\/AboaMare_2-300x169.jpg\" alt=\"\" width=\"300\" height=\"169\" srcset=\"https:\/\/pargasmaskinbefal.fi\/wp-content\/uploads\/2018\/11\/AboaMare_2-300x169.jpg 300w, https:\/\/pargasmaskinbefal.fi\/wp-content\/uploads\/2018\/11\/AboaMare_2-768x432.jpg 768w, https:\/\/pargasmaskinbefal.fi\/wp-content\/uploads\/2018\/11\/AboaMare_2-1024x576.jpg 1024w\" sizes=\"(max-width: 300px) 100vw, 300px\" \/> <img loading=\"lazy\" class=\"alignnone size-medium wp-image-1264\" src=\"http:\/\/pargasmaskinbefal.fi\/wp-content\/uploads\/2018\/11\/AboaMare_3-300x169.jpg\" alt=\"\" width=\"300\" height=\"169\" srcset=\"https:\/\/pargasmaskinbefal.fi\/wp-content\/uploads\/2018\/11\/AboaMare_3-300x169.jpg 300w, https:\/\/pargasmaskinbefal.fi\/wp-content\/uploads\/2018\/11\/AboaMare_3-768x432.jpg 768w, https:\/\/pargasmaskinbefal.fi\/wp-content\/uploads\/2018\/11\/AboaMare_3-1024x576.jpg 1024w\" sizes=\"(max-width: 300px) 100vw, 300px\" \/><\/p>\n<p><span style=\"font-size: 1rem;\">men \u00e4ven brygg simulatorerna intresserade gruppen.\u00a0<\/span>Bj\u00f6rn tog Grace upp l\u00e4ngs Aura \u00e5 utan st\u00f6rre problem.<\/p>\n<p><img loading=\"lazy\" class=\"alignnone size-medium wp-image-1265\" src=\"http:\/\/pargasmaskinbefal.fi\/wp-content\/uploads\/2018\/11\/AboaMare_4-300x169.jpg\" alt=\"\" width=\"300\" height=\"169\" srcset=\"https:\/\/pargasmaskinbefal.fi\/wp-content\/uploads\/2018\/11\/AboaMare_4-300x169.jpg 300w, https:\/\/pargasmaskinbefal.fi\/wp-content\/uploads\/2018\/11\/AboaMare_4-768x432.jpg 768w, https:\/\/pargasmaskinbefal.fi\/wp-content\/uploads\/2018\/11\/AboaMare_4-1024x576.jpg 1024w\" sizes=\"(max-width: 300px) 100vw, 300px\" \/><\/p>\n<p><span style=\"font-size: 1rem;\">Guid f\u00f6r maskinrums simulatorn var Bertel Henriksson, Bo Lindroos stod f\u00f6r brygg simulatorerna. Ett stort tack till dem.<\/span><\/p>\n<p>Efter guidningen p\u00e5 Aboa Mare intogs lunch p\u00e5 restaurang G\u00f6ran d\u00e4r dagens information ventilerades.<\/p>\n<p>&nbsp;<\/p>\n<p>&nbsp;<\/p>\n","protected":false},"excerpt":{"rendered":"<p>Ett studiebes\u00f6k gjordes 1.11.2018 till Aboa Mare. Totalt nio medlemmar deltog. Tanken var att bekanta oss fr\u00e4mst med maskinrums simulatorn, men \u00e4ven brygg simulatorerna intresserade gruppen.\u00a0Bj\u00f6rn tog Grace upp l\u00e4ngs Aura \u00e5 utan st\u00f6rre problem. Guid f\u00f6r maskinrums simulatorn var Bertel Henriksson, Bo Lindroos stod f\u00f6r brygg simulatorerna. Ett stort tack till dem. Efter guidningen &hellip; <\/p>\n<p class=\"link-more\"><a href=\"https:\/\/pargasmaskinbefal.fi\/index.php\/aboa-mare\/\" class=\"more-link\">Continue reading<span class=\"screen-reader-text\"> &#8220;Aboa Mare&#8221;<\/span><\/a><\/p>\n","protected":false},"author":1,"featured_media":0,"parent":0,"menu_order":0,"comment_status":"closed","ping_status":"closed","template":"","meta":[],"_links":{"self":[{"href":"https:\/\/pargasmaskinbefal.fi\/index.php\/wp-json\/wp\/v2\/pages\/1261"}],"collection":[{"href":"https:\/\/pargasmaskinbefal.fi\/index.php\/wp-json\/wp\/v2\/pages"}],"about":[{"href":"https:\/\/pargasmaskinbefal.fi\/index.php\/wp-json\/wp\/v2\/types\/page"}],"author":[{"embeddable":true,"href":"https:\/\/pargasmaskinbefal.fi\/index.php\/wp-json\/wp\/v2\/users\/1"}],"replies":[{"embeddable":true,"href":"https:\/\/pargasmaskinbefal.fi\/index.php\/wp-json\/wp\/v2\/comments?post=1261"}],"version-history":[{"count":1,"href":"https:\/\/pargasmaskinbefal.fi\/index.php\/wp-json\/wp\/v2\/pages\/1261\/revisions"}],"predecessor-version":[{"id":1266,"href":"https:\/\/pargasmaskinbefal.fi\/index.php\/wp-json\/wp\/v2\/pages\/1261\/revisions\/1266"}],"wp:attachment":[{"href":"https:\/\/pargasmaskinbefal.fi\/index.php\/wp-json\/wp\/v2\/media?parent=1261"}],"curies":[{"name":"wp","href":"https:\/\/api.w.org\/{rel}","templated":true}]}}