{"id":1300,"date":"2019-11-19T10:53:37","date_gmt":"2019-11-19T08:53:37","guid":{"rendered":"http:\/\/pargasmaskinbefal.fi\/?page_id=1300"},"modified":"2019-11-19T11:05:32","modified_gmt":"2019-11-19T09:05:32","slug":"finncement","status":"publish","type":"page","link":"https:\/\/pargasmaskinbefal.fi\/index.php\/finncement\/","title":{"rendered":"FinnCement"},"content":{"rendered":"<p>F\u00f6reningen gjorde ett studiebes\u00f6k till FinnCement 7 november<\/p>\n<p>Cementfabriken i Pargas grundades 1914, i Lojo 1919. Dessa slogs ihop 1992.<\/p>\n<p>1993-1999 var \u00e4garen svenska Scancem. S\u00e5ldes sedan vidare till irl\u00e4ndska CRH gruppen 1999.<\/p>\n<p>&nbsp;<\/p>\n<p><img loading=\"lazy\" class=\"alignnone size-medium wp-image-1303\" src=\"http:\/\/pargasmaskinbefal.fi\/wp-content\/uploads\/2019\/11\/Finncement-3-300x170.png\" alt=\"\" width=\"300\" height=\"170\" srcset=\"https:\/\/pargasmaskinbefal.fi\/wp-content\/uploads\/2019\/11\/Finncement-3-300x170.png 300w, https:\/\/pargasmaskinbefal.fi\/wp-content\/uploads\/2019\/11\/Finncement-3-768x436.png 768w, https:\/\/pargasmaskinbefal.fi\/wp-content\/uploads\/2019\/11\/Finncement-3.png 881w\" sizes=\"(max-width: 300px) 100vw, 300px\" \/><\/p>\n<p>&nbsp;<\/p>\n<p><img loading=\"lazy\" class=\"alignnone size-medium wp-image-1302\" src=\"http:\/\/pargasmaskinbefal.fi\/wp-content\/uploads\/2019\/11\/Finncement-2-300x186.png\" alt=\"\" width=\"300\" height=\"186\" srcset=\"https:\/\/pargasmaskinbefal.fi\/wp-content\/uploads\/2019\/11\/Finncement-2-300x186.png 300w, https:\/\/pargasmaskinbefal.fi\/wp-content\/uploads\/2019\/11\/Finncement-2-768x477.png 768w, https:\/\/pargasmaskinbefal.fi\/wp-content\/uploads\/2019\/11\/Finncement-2.png 941w\" sizes=\"(max-width: 300px) 100vw, 300px\" \/><\/p>\n<p>&nbsp;<\/p>\n<p><img loading=\"lazy\" class=\"alignnone size-medium wp-image-1301\" src=\"http:\/\/pargasmaskinbefal.fi\/wp-content\/uploads\/2019\/11\/Finncement-1-300x176.png\" alt=\"\" width=\"300\" height=\"176\" srcset=\"https:\/\/pargasmaskinbefal.fi\/wp-content\/uploads\/2019\/11\/Finncement-1-300x176.png 300w, https:\/\/pargasmaskinbefal.fi\/wp-content\/uploads\/2019\/11\/Finncement-1-768x449.png 768w, https:\/\/pargasmaskinbefal.fi\/wp-content\/uploads\/2019\/11\/Finncement-1.png 976w\" sizes=\"(max-width: 300px) 100vw, 300px\" \/><\/p>\n<p>&nbsp;<\/p>\n<p><img loading=\"lazy\" class=\"alignnone size-medium wp-image-1297\" src=\"http:\/\/pargasmaskinbefal.fi\/wp-content\/uploads\/2019\/11\/cropped-Cementhamnen-2-300x180.jpg\" alt=\"\" width=\"300\" height=\"180\" srcset=\"https:\/\/pargasmaskinbefal.fi\/wp-content\/uploads\/2019\/11\/cropped-Cementhamnen-2-300x180.jpg 300w, https:\/\/pargasmaskinbefal.fi\/wp-content\/uploads\/2019\/11\/cropped-Cementhamnen-2-768x460.jpg 768w, https:\/\/pargasmaskinbefal.fi\/wp-content\/uploads\/2019\/11\/cropped-Cementhamnen-2-1024x614.jpg 1024w, https:\/\/pargasmaskinbefal.fi\/wp-content\/uploads\/2019\/11\/cropped-Cementhamnen-2.jpg 2000w\" sizes=\"(max-width: 300px) 100vw, 300px\" \/><\/p>\n","protected":false},"excerpt":{"rendered":"<p>F\u00f6reningen gjorde ett studiebes\u00f6k till FinnCement 7 november Cementfabriken i Pargas grundades 1914, i Lojo 1919. Dessa slogs ihop 1992. 1993-1999 var \u00e4garen svenska Scancem. S\u00e5ldes sedan vidare till irl\u00e4ndska CRH gruppen 1999. &nbsp; &nbsp; &nbsp; &nbsp;<\/p>\n","protected":false},"author":1,"featured_media":0,"parent":0,"menu_order":0,"comment_status":"closed","ping_status":"closed","template":"","meta":[],"_links":{"self":[{"href":"https:\/\/pargasmaskinbefal.fi\/index.php\/wp-json\/wp\/v2\/pages\/1300"}],"collection":[{"href":"https:\/\/pargasmaskinbefal.fi\/index.php\/wp-json\/wp\/v2\/pages"}],"about":[{"href":"https:\/\/pargasmaskinbefal.fi\/index.php\/wp-json\/wp\/v2\/types\/page"}],"author":[{"embeddable":true,"href":"https:\/\/pargasmaskinbefal.fi\/index.php\/wp-json\/wp\/v2\/users\/1"}],"replies":[{"embeddable":true,"href":"https:\/\/pargasmaskinbefal.fi\/index.php\/wp-json\/wp\/v2\/comments?post=1300"}],"version-history":[{"count":3,"href":"https:\/\/pargasmaskinbefal.fi\/index.php\/wp-json\/wp\/v2\/pages\/1300\/revisions"}],"predecessor-version":[{"id":1307,"href":"https:\/\/pargasmaskinbefal.fi\/index.php\/wp-json\/wp\/v2\/pages\/1300\/revisions\/1307"}],"wp:attachment":[{"href":"https:\/\/pargasmaskinbefal.fi\/index.php\/wp-json\/wp\/v2\/media?parent=1300"}],"curies":[{"name":"wp","href":"https:\/\/api.w.org\/{rel}","templated":true}]}}