{"id":1383,"date":"2022-03-09T09:37:14","date_gmt":"2022-03-09T07:37:14","guid":{"rendered":"http:\/\/pargasmaskinbefal.fi\/?page_id=1383"},"modified":"2022-03-09T09:37:14","modified_gmt":"2022-03-09T07:37:14","slug":"2021-2","status":"publish","type":"page","link":"https:\/\/pargasmaskinbefal.fi\/index.php\/2021-2\/","title":{"rendered":"2021"},"content":{"rendered":"\n<p><strong>Verksamhetsber\u00e4ttelse f\u00f6r Pargas Maskinbef\u00e4lsf\u00f6rening \u00e5r 2021 .<\/strong><\/p>\n\n\n\n<p>Det g\u00e5ngna \u00e5ret var f\u00f6reningens <strong>96:te<\/strong> verksamhets\u00e5r.<\/p>\n\n\n\n<p><strong>Tage Johansson<\/strong> har fungerat som f\u00f6reningens ordf\u00f6rande.<\/p>\n\n\n\n<p><strong>Jan-Erik S\u00f6derholm<\/strong> har fungerat som vice ordf\u00f6rande samt kass\u00f6r<\/p>\n\n\n\n<p><strong>Berndt Karlsson<\/strong> har fungerat som f\u00f6reningens sekreterare.<\/p>\n\n\n\n<p>Styrelsen ordinarie medlemmar har varit: <strong>Tage Johansson,&nbsp;Lasse Alhonen, Bj\u00f6rn Eklund, Kenneth Edlund, Jan-Anders Sj\u00f6blom, Jan-Erik S\u00f6derholm samt&nbsp;Berndt Karlsson.<\/strong><\/p>\n\n\n\n<p>Styrelsesuppleanter: <strong>Kenneth Holmqvist och Bertil Rantala.<\/strong><\/p>\n\n\n\n<p>Verksamhetsgranskare: <strong>B\u00f6rje Engstr\u00f6m och Bertil Rantala.<\/strong><\/p>\n\n\n\n<p>Verksamhetsgranskarsuppleant: <strong>Jan Enkvist och<\/strong> <strong>Anders S\u00f6derholm.<\/strong><\/p>\n\n\n\n<p>Pressombud: <strong>Bertil Rantala.<\/strong><\/p>\n\n\n\n<p><strong>Tage Johansson<\/strong> ordinarie medlem i styrelsen f\u00f6r Finlands Maskinbef\u00e4lsf\u00f6rbund.<\/p>\n\n\n\n<p>Under \u00e5ret har tv\u00e5 styrelsem\u00f6ten h\u00e5llits samt tre f\u00f6reningsm\u00f6ten. <\/p>\n\n\n\n<p>Corona-19 pandemin satte stop f\u00f6r verksamheten under stor del av v\u00e5ren 2021.<\/p>\n\n\n\n<p>Vid periodens b\u00f6rjan var f\u00f6reningens medlemsantal 75.<\/p>\n\n\n\n<p>Under \u00e5ret har en medlem fyllt 50 \u00e5r, en medlem 60 \u00e5r tre medlemmar 70 \u00e5r.<\/p>\n\n\n\n<p>Under perioden har tv\u00e5 medlemmar avlidit.<\/p>\n\n\n\n<p>Intressepriset f\u00f6r 2021 tilldelades Bertel Henriksson.<\/p>\n\n\n\n<p>Under f\u00f6reningsm\u00f6tena har man behandlat och diskuterat aktuella fr\u00e5gor inom branschen.<\/p>\n\n\n\n<p>Styrelsen tackar alla medlemmar f\u00f6r det g\u00e5ngna \u00e5ret.<\/p>\n\n\n\n<p>Pargas den 10.02.2022<\/p>\n\n\n\n<p class=\"has-text-color\" style=\"color:#0000ff\"><em><strong><a href=\"http:\/\/pargasmaskinbefal.fi\/index.php\/aktuellt\/\" data-type=\"page\" data-id=\"725\">Home<\/a><\/strong><\/em><\/p>\n","protected":false},"excerpt":{"rendered":"<p>Verksamhetsber\u00e4ttelse f\u00f6r Pargas Maskinbef\u00e4lsf\u00f6rening \u00e5r 2021 . Det g\u00e5ngna \u00e5ret var f\u00f6reningens 96:te verksamhets\u00e5r. Tage Johansson har fungerat som f\u00f6reningens ordf\u00f6rande. Jan-Erik S\u00f6derholm har fungerat som vice ordf\u00f6rande samt kass\u00f6r Berndt Karlsson har fungerat som f\u00f6reningens sekreterare. Styrelsen ordinarie medlemmar har varit: Tage Johansson,&nbsp;Lasse Alhonen, Bj\u00f6rn Eklund, Kenneth Edlund, Jan-Anders Sj\u00f6blom, Jan-Erik S\u00f6derholm samt&nbsp;Berndt Karlsson. &hellip; <\/p>\n<p class=\"link-more\"><a href=\"https:\/\/pargasmaskinbefal.fi\/index.php\/2021-2\/\" class=\"more-link\">Continue reading<span class=\"screen-reader-text\"> &#8220;2021&#8221;<\/span><\/a><\/p>\n","protected":false},"author":1,"featured_media":0,"parent":0,"menu_order":0,"comment_status":"closed","ping_status":"closed","template":"","meta":[],"_links":{"self":[{"href":"https:\/\/pargasmaskinbefal.fi\/index.php\/wp-json\/wp\/v2\/pages\/1383"}],"collection":[{"href":"https:\/\/pargasmaskinbefal.fi\/index.php\/wp-json\/wp\/v2\/pages"}],"about":[{"href":"https:\/\/pargasmaskinbefal.fi\/index.php\/wp-json\/wp\/v2\/types\/page"}],"author":[{"embeddable":true,"href":"https:\/\/pargasmaskinbefal.fi\/index.php\/wp-json\/wp\/v2\/users\/1"}],"replies":[{"embeddable":true,"href":"https:\/\/pargasmaskinbefal.fi\/index.php\/wp-json\/wp\/v2\/comments?post=1383"}],"version-history":[{"count":1,"href":"https:\/\/pargasmaskinbefal.fi\/index.php\/wp-json\/wp\/v2\/pages\/1383\/revisions"}],"predecessor-version":[{"id":1384,"href":"https:\/\/pargasmaskinbefal.fi\/index.php\/wp-json\/wp\/v2\/pages\/1383\/revisions\/1384"}],"wp:attachment":[{"href":"https:\/\/pargasmaskinbefal.fi\/index.php\/wp-json\/wp\/v2\/media?parent=1383"}],"curies":[{"name":"wp","href":"https:\/\/api.w.org\/{rel}","templated":true}]}}