{"id":1439,"date":"2022-11-24T09:42:06","date_gmt":"2022-11-24T07:42:06","guid":{"rendered":"http:\/\/pargasmaskinbefal.fi\/?page_id=1439"},"modified":"2022-11-24T11:40:24","modified_gmt":"2022-11-24T09:40:24","slug":"2022-viking-glory","status":"publish","type":"page","link":"https:\/\/pargasmaskinbefal.fi\/index.php\/2022-viking-glory\/","title":{"rendered":"2022 Viking Glory"},"content":{"rendered":"\n<p><\/p>\n\n\n\n<p><\/p>\n\n\n\n<p><strong>F\u00f6reningen hade sitt \u00e5rliga valm\u00f6te 18 november ombord p\u00e5 Viking Glory<\/strong>.<\/p>\n\n\n\n<p><\/p>\n\n\n\n<p><\/p>\n\n\n\n<p><strong>Fartyget har en l\u00e4ngd p\u00e5 222,55 ( 218 ) meter och en bred p\u00e5 35 ( 31,8 ) meter. Inom parentes Viking Grace.<\/strong><\/p>\n\n\n\n<p><strong>Framdrivning sker med Azipod propellrar.<\/strong><\/p>\n\n\n\n<p><strong>Kraftk\u00e4llan \u00e4r 6 st W\u00e4rtsil\u00e4 31DF motorer som drivs med LNG eller MDO<\/strong>.<\/p>\n\n\n\n<p><strong>Viking Glory f\u00f6rv\u00e4ntas f\u00f6rbruka 10% mindre br\u00e4nsle \u00e4n Viking Grace pga. tekniska l\u00f6sningar ombord. Spillkylan fr\u00e5n LNG tas bl.a. tillvara f\u00f6r kyldiskar, kylrum etc. , ett energi\u00e5tervinningssystem (Climeon) som utnyttjar spillv\u00e4rmen fr\u00e5n motorerna f\u00f6r att tillverka elektricitet, samt ett dynamiskt ventilations och belysningssystem f\u00f6r hytterna som utnyttjar bokningssystemet f\u00f6r att minska p\u00e5 v\u00e4rme och belysning d\u00e5 hytten \u00e4r tom.<\/strong><\/p>\n\n\n\n<p><\/p>\n\n\n\n<figure class=\"wp-block-image size-large\"><img loading=\"lazy\" width=\"1024\" height=\"533\" src=\"http:\/\/pargasmaskinbefal.fi\/wp-content\/uploads\/2022\/11\/Glory-0-1024x533.jpg\" alt=\"\" class=\"wp-image-1453\"\/><\/figure>\n\n\n\n<p><\/p>\n\n\n\n<figure class=\"wp-block-image size-large\"><img loading=\"lazy\" width=\"1024\" height=\"768\" src=\"http:\/\/pargasmaskinbefal.fi\/wp-content\/uploads\/2022\/11\/Glory-1-1024x768.jpg\" alt=\"\" class=\"wp-image-1443\"\/><\/figure>\n\n\n\n<p><strong> Totalt 11 medlemmar deltog i m\u00f6tet<\/strong><\/p>\n\n\n\n<p><strong>F\u00f6reningen lyckas f\u00e5 en ny medlem in i styrelsen som fortfarande \u00e4r i arbetslivet.<\/strong><\/p>\n\n\n\n<p><\/p>\n\n\n\n<p><\/p>\n\n\n\n<p>I<strong> samband med valm\u00f6tet erh\u00f6ll vi  guidning ombord av maskinchefen Marcus Sj\u00f6lund, som \u00e4ven varit i Kina som \u00f6vervakare av fartyget i byggnadsskedet.<\/strong><\/p>\n\n\n\n<p><\/p>\n\n\n\n<figure class=\"wp-block-image size-large\"><img loading=\"lazy\" width=\"1024\" height=\"768\" src=\"http:\/\/pargasmaskinbefal.fi\/wp-content\/uploads\/2022\/11\/Glory-3-1024x768.jpg\" alt=\"\" class=\"wp-image-1445\"\/><figcaption><strong>V\u00e5rt f\u00f6rsta bes\u00f6k var bryggan, d\u00e4r vi \u00e4ven tr\u00e4ffade rederiets enda kvinnliga bef\u00e4lhavare<\/strong>.<\/figcaption><\/figure>\n\n\n\n<p><\/p>\n\n\n\n<figure class=\"wp-block-image size-large\"><img loading=\"lazy\" width=\"1024\" height=\"768\" src=\"http:\/\/pargasmaskinbefal.fi\/wp-content\/uploads\/2022\/11\/Glory-2-1024x768.jpg\" alt=\"\" class=\"wp-image-1444\"\/><\/figure>\n\n\n\n<p><\/p>\n\n\n\n<figure class=\"wp-block-image size-large\"><img loading=\"lazy\" width=\"1024\" height=\"768\" src=\"http:\/\/pargasmaskinbefal.fi\/wp-content\/uploads\/2022\/11\/Glory-4-1024x768.jpg\" alt=\"\" class=\"wp-image-1446\"\/><figcaption><strong>H\u00e4refter fortsatte v\u00e5r rundvandring ner till hj\u00e4rtat ombord, n\u00e4mligen maskinrummet.<\/strong><\/figcaption><\/figure>\n\n\n\n<p><\/p>\n\n\n\n<figure class=\"wp-block-image size-large\"><img loading=\"lazy\" width=\"1024\" height=\"842\" src=\"http:\/\/pargasmaskinbefal.fi\/wp-content\/uploads\/2022\/11\/Glory-5-1024x842.jpg\" alt=\"\" class=\"wp-image-1447\"\/><\/figure>\n\n\n\n<p><\/p>\n\n\n\n<figure class=\"wp-block-image size-large\"><img loading=\"lazy\" width=\"1024\" height=\"907\" src=\"http:\/\/pargasmaskinbefal.fi\/wp-content\/uploads\/2022\/11\/Glory-6-1024x907.jpg\" alt=\"\" class=\"wp-image-1448\"\/><\/figure>\n\n\n\n<p>Azipod f\u00f6rv\u00e4ntas minska utsl\u00e4ppen ca. 10 000 ton i \u00e5ret pga. kortare man\u00f6vreringstider.<\/p>\n\n\n\n<figure class=\"wp-block-image size-large\"><img loading=\"lazy\" width=\"1024\" height=\"694\" src=\"http:\/\/pargasmaskinbefal.fi\/wp-content\/uploads\/2022\/11\/Glory-7-1024x694.jpg\" alt=\"\" class=\"wp-image-1449\"\/><\/figure>\n\n\n\n<figure class=\"wp-block-image size-full\"><img loading=\"lazy\" width=\"924\" height=\"616\" src=\"http:\/\/pargasmaskinbefal.fi\/wp-content\/uploads\/2022\/11\/IMG_5368-e1669280954828.jpg\" alt=\"\" class=\"wp-image-1456\"\/><\/figure>\n\n\n\n<p>Automatisk f\u00f6rt\u00f6jning eller automooring \u00e4r en f\u00f6rt\u00f6jning utan trossar. F\u00f6rt\u00f6jningen sker med vacum p\u00e5 ca 30 sekunder.<\/p>\n","protected":false},"excerpt":{"rendered":"<p>F\u00f6reningen hade sitt \u00e5rliga valm\u00f6te 18 november ombord p\u00e5 Viking Glory. Fartyget har en l\u00e4ngd p\u00e5 222,55 ( 218 ) meter och en bred p\u00e5 35 ( 31,8 ) meter. Inom parentes Viking Grace. Framdrivning sker med Azipod propellrar. Kraftk\u00e4llan \u00e4r 6 st W\u00e4rtsil\u00e4 31DF motorer som drivs med LNG eller MDO. Viking Glory f\u00f6rv\u00e4ntas &hellip; <\/p>\n<p class=\"link-more\"><a href=\"https:\/\/pargasmaskinbefal.fi\/index.php\/2022-viking-glory\/\" class=\"more-link\">Continue reading<span class=\"screen-reader-text\"> &#8220;2022 Viking Glory&#8221;<\/span><\/a><\/p>\n","protected":false},"author":1,"featured_media":0,"parent":0,"menu_order":0,"comment_status":"closed","ping_status":"closed","template":"","meta":[],"_links":{"self":[{"href":"https:\/\/pargasmaskinbefal.fi\/index.php\/wp-json\/wp\/v2\/pages\/1439"}],"collection":[{"href":"https:\/\/pargasmaskinbefal.fi\/index.php\/wp-json\/wp\/v2\/pages"}],"about":[{"href":"https:\/\/pargasmaskinbefal.fi\/index.php\/wp-json\/wp\/v2\/types\/page"}],"author":[{"embeddable":true,"href":"https:\/\/pargasmaskinbefal.fi\/index.php\/wp-json\/wp\/v2\/users\/1"}],"replies":[{"embeddable":true,"href":"https:\/\/pargasmaskinbefal.fi\/index.php\/wp-json\/wp\/v2\/comments?post=1439"}],"version-history":[{"count":11,"href":"https:\/\/pargasmaskinbefal.fi\/index.php\/wp-json\/wp\/v2\/pages\/1439\/revisions"}],"predecessor-version":[{"id":1464,"href":"https:\/\/pargasmaskinbefal.fi\/index.php\/wp-json\/wp\/v2\/pages\/1439\/revisions\/1464"}],"wp:attachment":[{"href":"https:\/\/pargasmaskinbefal.fi\/index.php\/wp-json\/wp\/v2\/media?parent=1439"}],"curies":[{"name":"wp","href":"https:\/\/api.w.org\/{rel}","templated":true}]}}