{"id":1482,"date":"2023-03-17T08:54:59","date_gmt":"2023-03-17T06:54:59","guid":{"rendered":"http:\/\/pargasmaskinbefal.fi\/?page_id=1482"},"modified":"2023-03-17T09:24:14","modified_gmt":"2023-03-17T07:24:14","slug":"2021-3","status":"publish","type":"page","link":"https:\/\/pargasmaskinbefal.fi\/index.php\/2021-3\/","title":{"rendered":"2022"},"content":{"rendered":"\n<p><strong>Verksamhetsber\u00e4ttelse f\u00f6r Pargas Maskinbef\u00e4lsf\u00f6rening \u00e5r 2022  .<\/strong><\/p>\n\n\n\n<p>Det g\u00e5ngna \u00e5ret var f\u00f6reningens <strong>97:<\/strong>de verksamhets\u00e5r.<\/p>\n\n\n\n<p><strong>Tage Johansson<\/strong> har fungerat som f\u00f6reningens ordf\u00f6rande.<\/p>\n\n\n\n<p><strong>Jan-Erik S\u00f6derholm<\/strong> har fungerat som vice ordf\u00f6rande samt kass\u00f6r<\/p>\n\n\n\n<p><strong>Berndt Karlsson<\/strong> har fungerat som f\u00f6reningens sekreterare.<\/p>\n\n\n\n<p>Styrelsen ordinarie medlemmar har varit: <strong>Tage Johansson,\u00a0Bertel Henriksson, Kenneth Holmqvist, Bertil Rantala, Jan-Anders Sj\u00f6blom, Jan-Erik S\u00f6derholm samt\u00a0Berndt Karlsson.<\/strong><\/p>\n\n\n\n<p>Styrelsesuppleanter: <strong>Kenneth Edlund och Ronny Nedermo.<\/strong><\/p>\n\n\n\n<p>Verksamhetsgranskare: <strong>B\u00f6rje Engstr\u00f6m och Jan Enkvist.<\/strong><\/p>\n\n\n\n<p>Verksamhetsgranskarsuppleant: <strong>Bo-Erik Hanse\u00b4n och<\/strong> <strong>Anders S\u00f6derholm.<\/strong><\/p>\n\n\n\n<p>Pressombud: <strong>Bertil Rantala.<\/strong><\/p>\n\n\n\n<p><strong>Tage Johansson<\/strong> ordinarie medlem i styrelsen f\u00f6r Finlands Maskinbef\u00e4lsf\u00f6rbund.<\/p>\n\n\n\n<p>Under \u00e5ret har tv\u00e5 styrelsem\u00f6ten h\u00e5llits samt fyra f\u00f6reningsm\u00f6ten. <\/p>\n\n\n\n<p>Bes\u00f6k p\u00e5 Finnferries nya hybridlandsv\u00e4gsf\u00e4rja Altera den 23.9.2022.<\/p>\n\n\n\n<p>Ordf. Tage Johansson deltog i Sj\u00f6fartsm\u00e4ssan i \u00c5bo 3-4.11.2022.<\/p>\n\n\n\n<p>Kryssning 18-19.11.2022 \u00c5bo-Stockholm-\u00c5bo med Viking Glory. 11 medlemmar med f\u00f6ljeslagare deltog. Guidning ombord av maskinchef Marcus Sj\u00f6lund, bes\u00f6k i maskinrum och p\u00e5 bryggan.<\/p>\n\n\n\n<p>Valm\u00f6tet h\u00f6lls denna g\u00e5ng ombord p\u00e5 Viking Glory 18.11.2022.<\/p>\n\n\n\n<p>Vid periodens b\u00f6rjan var f\u00f6reningens medlemsantal 75.<\/p>\n\n\n\n<p>Under \u00e5ret har fem medlemmar fyllt 60 \u00e5r, tre medlemmar 70 och en medlem 80 \u00e5r.<\/p>\n\n\n\n<p>Bo-erik Hanse\u00b4n uppvaktades p\u00e5 sin f\u00f6delsedag med en blombukett som tack f\u00f6r ett l\u00e5ngt styrelsearbete.<\/p>\n\n\n\n<p>Under perioden har en medlem avlidit.<\/p>\n\n\n\n<p>Intressepriset f\u00f6r 2022 tilldelades Rune S\u00f6derstr\u00f6m..<\/p>\n\n\n\n<p>Under f\u00f6reningsm\u00f6tena har man behandlat och diskuterat aktuella fr\u00e5gor inom branschen.<\/p>\n\n\n\n<p>Styrelsen tackar alla medlemmar f\u00f6r det g\u00e5ngna \u00e5ret.<\/p>\n\n\n\n<p>Pargas den 13.3.2023<\/p>\n\n\n\n<p class=\"has-text-color\" style=\"color:#0000ff\"><em><strong><a href=\"http:\/\/pargasmaskinbefal.fi\/index.php\/aktuellt\/\" data-type=\"page\" data-id=\"725\">Home<\/a><\/strong><\/em><\/p>\n","protected":false},"excerpt":{"rendered":"<p>Verksamhetsber\u00e4ttelse f\u00f6r Pargas Maskinbef\u00e4lsf\u00f6rening \u00e5r 2022 . Det g\u00e5ngna \u00e5ret var f\u00f6reningens 97:de verksamhets\u00e5r. Tage Johansson har fungerat som f\u00f6reningens ordf\u00f6rande. Jan-Erik S\u00f6derholm har fungerat som vice ordf\u00f6rande samt kass\u00f6r Berndt Karlsson har fungerat som f\u00f6reningens sekreterare. Styrelsen ordinarie medlemmar har varit: Tage Johansson,\u00a0Bertel Henriksson, Kenneth Holmqvist, Bertil Rantala, Jan-Anders Sj\u00f6blom, Jan-Erik S\u00f6derholm samt\u00a0Berndt Karlsson. &hellip; <\/p>\n<p class=\"link-more\"><a href=\"https:\/\/pargasmaskinbefal.fi\/index.php\/2021-3\/\" class=\"more-link\">Continue reading<span class=\"screen-reader-text\"> &#8220;2022&#8221;<\/span><\/a><\/p>\n","protected":false},"author":1,"featured_media":0,"parent":0,"menu_order":0,"comment_status":"closed","ping_status":"closed","template":"","meta":[],"_links":{"self":[{"href":"https:\/\/pargasmaskinbefal.fi\/index.php\/wp-json\/wp\/v2\/pages\/1482"}],"collection":[{"href":"https:\/\/pargasmaskinbefal.fi\/index.php\/wp-json\/wp\/v2\/pages"}],"about":[{"href":"https:\/\/pargasmaskinbefal.fi\/index.php\/wp-json\/wp\/v2\/types\/page"}],"author":[{"embeddable":true,"href":"https:\/\/pargasmaskinbefal.fi\/index.php\/wp-json\/wp\/v2\/users\/1"}],"replies":[{"embeddable":true,"href":"https:\/\/pargasmaskinbefal.fi\/index.php\/wp-json\/wp\/v2\/comments?post=1482"}],"version-history":[{"count":2,"href":"https:\/\/pargasmaskinbefal.fi\/index.php\/wp-json\/wp\/v2\/pages\/1482\/revisions"}],"predecessor-version":[{"id":1487,"href":"https:\/\/pargasmaskinbefal.fi\/index.php\/wp-json\/wp\/v2\/pages\/1482\/revisions\/1487"}],"wp:attachment":[{"href":"https:\/\/pargasmaskinbefal.fi\/index.php\/wp-json\/wp\/v2\/media?parent=1482"}],"curies":[{"name":"wp","href":"https:\/\/api.w.org\/{rel}","templated":true}]}}