{"id":1595,"date":"2025-03-30T17:02:18","date_gmt":"2025-03-30T15:02:18","guid":{"rendered":"http:\/\/pargasmaskinbefal.fi\/?page_id=1595"},"modified":"2025-03-30T18:22:13","modified_gmt":"2025-03-30T16:22:13","slug":"2025-100-ars-festen-2","status":"publish","type":"page","link":"https:\/\/pargasmaskinbefal.fi\/index.php\/2025-100-ars-festen-2\/","title":{"rendered":"2025 100 \u00e5rs festen"},"content":{"rendered":"\n<p><strong>Festen h\u00f6lls i Pargas, restaurang Hunger &amp; T\u00f6rst 29.3.2025.<\/strong><\/p>\n\n\n\n<p>Inbjudna g\u00e4ster var \u00c5bo Maskinbef\u00e4lsf\u00f6rening, Helsingfors sv. Maskinbef\u00e4lsf\u00f6rening, \u00c5lands Energi- och Sj\u00f6fartstekniska F\u00f6rening, samt Finlands Maskinbef\u00e4lsf\u00f6rbund.<\/p>\n\n\n\n<p>Totalt 30 personer deltog i festtillf\u00e4llet.<\/p>\n\n\n\n<p>Festen b\u00f6rjade med en v\u00e4lkomstdryck, fortsatte med tal och gratulationer, h\u00e4refter lite historia fr\u00e5n Pargas f\u00f6rr i tiden, ber\u00e4ttad av Magnus Sundman.<\/p>\n\n\n\n<p>H\u00e4refter avnj\u00f6ts en tre r\u00e4tters middag. <\/p>\n\n\n\n<p>Kv\u00e4llen fortsatte med musik och dans till melodierna av orkestern PARMAS, som firade sitt 50 \u00e5rs jubileum.<\/p>\n\n\n\n<p><\/p>\n\n\n\n<p><strong><em>Ordf\u00f6rande Tage Johansson h\u00f6ll ett v\u00e4lkomsttal<\/em><\/strong><\/p>\n\n\n\n<figure class=\"wp-block-gallery has-nested-images columns-default is-cropped\">\n<figure class=\"wp-block-image size-large\"><img loading=\"lazy\" width=\"2560\" height=\"1919\" data-id=\"1603\"  src=\"http:\/\/pargasmaskinbefal.fi\/wp-content\/uploads\/2025\/03\/100-1-scaled.jpg\" alt=\"\" class=\"wp-image-1603\" srcset=\"https:\/\/pargasmaskinbefal.fi\/wp-content\/uploads\/2025\/03\/100-1-scaled.jpg 2560w, https:\/\/pargasmaskinbefal.fi\/wp-content\/uploads\/2025\/03\/100-1-300x225.jpg 300w, https:\/\/pargasmaskinbefal.fi\/wp-content\/uploads\/2025\/03\/100-1-1024x768.jpg 1024w, https:\/\/pargasmaskinbefal.fi\/wp-content\/uploads\/2025\/03\/100-1-768x576.jpg 768w, https:\/\/pargasmaskinbefal.fi\/wp-content\/uploads\/2025\/03\/100-1-1536x1151.jpg 1536w, https:\/\/pargasmaskinbefal.fi\/wp-content\/uploads\/2025\/03\/100-1-2048x1535.jpg 2048w\" sizes=\"(max-width: 767px) 89vw, (max-width: 1000px) 54vw, (max-width: 1071px) 543px, 580px\" \/><\/figure>\n<\/figure>\n\n\n\n<p><\/p>\n\n\n\n<p><strong><em>Magnus Sundman ber\u00e4ttade och visade bilder fr\u00e5n Pargas ca 100 \u00e5r sedan.<\/em><\/strong><\/p>\n\n\n\n<figure class=\"wp-block-gallery has-nested-images columns-default is-cropped\">\n<figure class=\"wp-block-image size-large\"><img loading=\"lazy\" width=\"2560\" height=\"1920\" data-id=\"1607\"  src=\"http:\/\/pargasmaskinbefal.fi\/wp-content\/uploads\/2025\/03\/100-5-scaled.jpg\" alt=\"\" class=\"wp-image-1607\" srcset=\"https:\/\/pargasmaskinbefal.fi\/wp-content\/uploads\/2025\/03\/100-5-scaled.jpg 2560w, https:\/\/pargasmaskinbefal.fi\/wp-content\/uploads\/2025\/03\/100-5-300x225.jpg 300w, https:\/\/pargasmaskinbefal.fi\/wp-content\/uploads\/2025\/03\/100-5-1024x768.jpg 1024w, https:\/\/pargasmaskinbefal.fi\/wp-content\/uploads\/2025\/03\/100-5-768x576.jpg 768w, https:\/\/pargasmaskinbefal.fi\/wp-content\/uploads\/2025\/03\/100-5-1536x1152.jpg 1536w, https:\/\/pargasmaskinbefal.fi\/wp-content\/uploads\/2025\/03\/100-5-2048x1536.jpg 2048w\" sizes=\"(max-width: 767px) 89vw, (max-width: 1000px) 54vw, (max-width: 1071px) 543px, 580px\" \/><\/figure>\n<\/figure>\n\n\n\n<p><\/p>\n\n\n\n<p><strong><em>Sekreteraren Berndt Karlsson avtackades efter sin l\u00e5nga period som sekreterare i f\u00f6reningen &#8211; hela 23 \u00e5r. Presenten bestod av en vattenbarometer f\u00e4stad p\u00e5 en ekplatta inklusive gravering.<\/em><\/strong><\/p>\n\n\n\n<figure class=\"wp-block-gallery has-nested-images columns-default is-cropped\">\n<figure class=\"wp-block-image size-large\"><img loading=\"lazy\" width=\"2560\" height=\"2138\" data-id=\"1604\"  src=\"http:\/\/pargasmaskinbefal.fi\/wp-content\/uploads\/2025\/03\/100-2.1-scaled.jpg\" alt=\"\" class=\"wp-image-1604\" srcset=\"https:\/\/pargasmaskinbefal.fi\/wp-content\/uploads\/2025\/03\/100-2.1-scaled.jpg 2560w, https:\/\/pargasmaskinbefal.fi\/wp-content\/uploads\/2025\/03\/100-2.1-300x251.jpg 300w, https:\/\/pargasmaskinbefal.fi\/wp-content\/uploads\/2025\/03\/100-2.1-1024x855.jpg 1024w, https:\/\/pargasmaskinbefal.fi\/wp-content\/uploads\/2025\/03\/100-2.1-768x642.jpg 768w, https:\/\/pargasmaskinbefal.fi\/wp-content\/uploads\/2025\/03\/100-2.1-1536x1283.jpg 1536w, https:\/\/pargasmaskinbefal.fi\/wp-content\/uploads\/2025\/03\/100-2.1-2048x1711.jpg 2048w\" sizes=\"(max-width: 767px) 89vw, (max-width: 1000px) 54vw, (max-width: 1071px) 543px, 580px\" \/><\/figure>\n<\/figure>\n\n\n\n<p><\/p>\n\n\n\n<p><strong><em>Ann-Katrin Viertola som representerade Finlands Maskinbef\u00e4lsf\u00f6rbund \u00f6verr\u00e4ckte f\u00f6rbundets bordsstandard till ordf\u00f6rande Tage Johansson &#8211; 12 \u00e5r som ordf\u00f6rande.<\/em><\/strong><\/p>\n\n\n\n<figure class=\"wp-block-gallery has-nested-images columns-default is-cropped\">\n<figure class=\"wp-block-image size-large\"><img loading=\"lazy\" width=\"2560\" height=\"1877\" data-id=\"1602\"  src=\"http:\/\/pargasmaskinbefal.fi\/wp-content\/uploads\/2025\/03\/100-3-scaled.jpg\" alt=\"\" class=\"wp-image-1602\" srcset=\"https:\/\/pargasmaskinbefal.fi\/wp-content\/uploads\/2025\/03\/100-3-scaled.jpg 2560w, https:\/\/pargasmaskinbefal.fi\/wp-content\/uploads\/2025\/03\/100-3-300x220.jpg 300w, https:\/\/pargasmaskinbefal.fi\/wp-content\/uploads\/2025\/03\/100-3-1024x751.jpg 1024w, https:\/\/pargasmaskinbefal.fi\/wp-content\/uploads\/2025\/03\/100-3-768x563.jpg 768w, https:\/\/pargasmaskinbefal.fi\/wp-content\/uploads\/2025\/03\/100-3-1536x1126.jpg 1536w, https:\/\/pargasmaskinbefal.fi\/wp-content\/uploads\/2025\/03\/100-3-2048x1502.jpg 2048w\" sizes=\"(max-width: 767px) 89vw, (max-width: 1000px) 54vw, (max-width: 1071px) 543px, 580px\" \/><\/figure>\n<figcaption class=\"blocks-gallery-caption\"><br><\/figcaption><\/figure>\n\n\n\n<p><strong><em>F\u00f6rbundets bordsstandard \u00f6verr\u00e4cktes \u00e4ven \u00e5t kass\u00f6ren Jan-Erik S\u00f6derholm f\u00f6r sin tid som kass\u00f6r i 10 \u00e5r.<\/em><\/strong><\/p>\n\n\n\n<figure class=\"wp-block-gallery has-nested-images columns-default is-cropped\">\n<figure class=\"wp-block-image size-large\"><img loading=\"lazy\" width=\"2560\" height=\"1898\" data-id=\"1608\"  src=\"http:\/\/pargasmaskinbefal.fi\/wp-content\/uploads\/2025\/03\/100-7-scaled.jpg\" alt=\"\" class=\"wp-image-1608\" srcset=\"https:\/\/pargasmaskinbefal.fi\/wp-content\/uploads\/2025\/03\/100-7-scaled.jpg 2560w, https:\/\/pargasmaskinbefal.fi\/wp-content\/uploads\/2025\/03\/100-7-300x222.jpg 300w, https:\/\/pargasmaskinbefal.fi\/wp-content\/uploads\/2025\/03\/100-7-1024x759.jpg 1024w, https:\/\/pargasmaskinbefal.fi\/wp-content\/uploads\/2025\/03\/100-7-768x569.jpg 768w, https:\/\/pargasmaskinbefal.fi\/wp-content\/uploads\/2025\/03\/100-7-1536x1139.jpg 1536w, https:\/\/pargasmaskinbefal.fi\/wp-content\/uploads\/2025\/03\/100-7-2048x1518.jpg 2048w\" sizes=\"(max-width: 767px) 89vw, (max-width: 1000px) 54vw, (max-width: 1071px) 543px, 580px\" \/><\/figure>\n<\/figure>\n\n\n\n<p><\/p>\n\n\n\n<p><strong><em>Bengt Johansson i gruppen PARMAS besl\u00f6t att underh\u00e5lla oss med en kort jubileumsl\u00e5t.<\/em><\/strong><\/p>\n\n\n\n<figure class=\"wp-block-gallery has-nested-images columns-default is-cropped\">\n<figure class=\"wp-block-image size-large\"><img loading=\"lazy\" width=\"2560\" height=\"1991\" data-id=\"1606\"  src=\"http:\/\/pargasmaskinbefal.fi\/wp-content\/uploads\/2025\/03\/100-6-scaled.jpg\" alt=\"\" class=\"wp-image-1606\" srcset=\"https:\/\/pargasmaskinbefal.fi\/wp-content\/uploads\/2025\/03\/100-6-scaled.jpg 2560w, https:\/\/pargasmaskinbefal.fi\/wp-content\/uploads\/2025\/03\/100-6-300x233.jpg 300w, https:\/\/pargasmaskinbefal.fi\/wp-content\/uploads\/2025\/03\/100-6-1024x797.jpg 1024w, https:\/\/pargasmaskinbefal.fi\/wp-content\/uploads\/2025\/03\/100-6-768x597.jpg 768w, https:\/\/pargasmaskinbefal.fi\/wp-content\/uploads\/2025\/03\/100-6-1536x1195.jpg 1536w, https:\/\/pargasmaskinbefal.fi\/wp-content\/uploads\/2025\/03\/100-6-2048x1593.jpg 2048w\" sizes=\"(max-width: 767px) 89vw, (max-width: 1000px) 54vw, (max-width: 1071px) 543px, 580px\" \/><\/figure>\n<\/figure>\n\n\n\n<p><\/p>\n\n\n\n<p><\/p>\n\n\n\n<p>Medlemmarna som deltog, de flesta med avec var :<\/p>\n\n\n\n<p>Edlund Kenneth, Elmen Kjell, Engstr\u00f6m B\u00f6rje, Eriksson Leif, Holmqvist Kenneth, Johansson Tage, Karlsson Berndt, Nedermo Ronny, Rantala Bertil, Sj\u00f6blom Jan-Anders, S\u00f6derholm Jan-Erik, S\u00f6derholm Anders, S\u00f6derstr\u00f6m Rune, \u00d6hman Anders.<\/p>\n\n\n\n<p><\/p>\n\n\n\n<p><strong><em>De inbjudna g\u00e4sterna var :<\/em><\/strong><\/p>\n\n\n\n<p><strong><em>Finlands maskinbef\u00e4lsf\u00f6rening <\/em><\/strong>&#8211; Ann-Katrin Viertola, <strong><em>Helsingfors sv. maskinbef\u00e4lsf\u00f6rening <\/em><\/strong>&#8211; Bo Wickholm med fru, <strong><em>\u00c5bo maskinbef\u00e4lsf\u00f6rening<\/em><\/strong> &#8211; Harri Piispanen med fru, <strong><em>\u00c5lands energi- och sj\u00f6fartstekniska f\u00f6rening<\/em><\/strong> &#8211; Axel Kolari<\/p>\n\n\n\n<p><\/p>\n","protected":false},"excerpt":{"rendered":"<p>Festen h\u00f6lls i Pargas, restaurang Hunger &amp; T\u00f6rst 29.3.2025. Inbjudna g\u00e4ster var \u00c5bo Maskinbef\u00e4lsf\u00f6rening, Helsingfors sv. Maskinbef\u00e4lsf\u00f6rening, \u00c5lands Energi- och Sj\u00f6fartstekniska F\u00f6rening, samt Finlands Maskinbef\u00e4lsf\u00f6rbund. Totalt 30 personer deltog i festtillf\u00e4llet. Festen b\u00f6rjade med en v\u00e4lkomstdryck, fortsatte med tal och gratulationer, h\u00e4refter lite historia fr\u00e5n Pargas f\u00f6rr i tiden, ber\u00e4ttad av Magnus Sundman. H\u00e4refter avnj\u00f6ts &hellip; <\/p>\n<p class=\"link-more\"><a href=\"https:\/\/pargasmaskinbefal.fi\/index.php\/2025-100-ars-festen-2\/\" class=\"more-link\">Continue reading<span class=\"screen-reader-text\"> &#8220;2025 100 \u00e5rs festen&#8221;<\/span><\/a><\/p>\n","protected":false},"author":1,"featured_media":0,"parent":0,"menu_order":0,"comment_status":"closed","ping_status":"closed","template":"","meta":[],"_links":{"self":[{"href":"https:\/\/pargasmaskinbefal.fi\/index.php\/wp-json\/wp\/v2\/pages\/1595"}],"collection":[{"href":"https:\/\/pargasmaskinbefal.fi\/index.php\/wp-json\/wp\/v2\/pages"}],"about":[{"href":"https:\/\/pargasmaskinbefal.fi\/index.php\/wp-json\/wp\/v2\/types\/page"}],"author":[{"embeddable":true,"href":"https:\/\/pargasmaskinbefal.fi\/index.php\/wp-json\/wp\/v2\/users\/1"}],"replies":[{"embeddable":true,"href":"https:\/\/pargasmaskinbefal.fi\/index.php\/wp-json\/wp\/v2\/comments?post=1595"}],"version-history":[{"count":11,"href":"https:\/\/pargasmaskinbefal.fi\/index.php\/wp-json\/wp\/v2\/pages\/1595\/revisions"}],"predecessor-version":[{"id":1621,"href":"https:\/\/pargasmaskinbefal.fi\/index.php\/wp-json\/wp\/v2\/pages\/1595\/revisions\/1621"}],"wp:attachment":[{"href":"https:\/\/pargasmaskinbefal.fi\/index.php\/wp-json\/wp\/v2\/media?parent=1595"}],"curies":[{"name":"wp","href":"https:\/\/api.w.org\/{rel}","templated":true}]}}