{"id":666,"date":"2017-02-14T20:45:51","date_gmt":"2017-02-14T18:45:51","guid":{"rendered":"http:\/\/pargasmaskinbefal.fi\/?page_id=666"},"modified":"2021-03-24T12:49:52","modified_gmt":"2021-03-24T10:49:52","slug":"8-12-2016","status":"publish","type":"page","link":"https:\/\/pargasmaskinbefal.fi\/index.php\/motesprotokoll\/8-12-2016\/","title":{"rendered":"2014"},"content":{"rendered":"<h2><\/h2>\n<p><strong>Verksamhetsber\u00e4ttelse f\u00f6r Pargas Maskinbef\u00e4lsf\u00f6rening \u00e5r 2014 .<\/strong><\/p>\n<p><strong>\u00a0<\/strong>Det g\u00e5ngna \u00e5ret var f\u00f6reningens <strong>89:de<\/strong> verksamhets\u00e5r.<\/p>\n<p><strong>Tage Johansson<\/strong> har fungerat som f\u00f6reningens ordf\u00f6rande.<\/p>\n<p><strong>Jan-Erik S\u00f6derholm<\/strong> har fungerat som vice ordf\u00f6rande samt kass\u00f6r<\/p>\n<p><strong>Berndt Karlsson<\/strong> har fungerat som f\u00f6reningens sekreterare.<\/p>\n<p>Styrelsen ordinarie medlemmar har varit: <strong>Tage Johansson<\/strong>, <strong>Lars Andersson,<\/strong><strong>Lasse Alhonen, Bj\u00f6rn Eklund, Tore\u00a0Sj\u00f6blom, Jan-Erik S\u00f6derholm och <\/strong><strong>Berndt Karlsson.<\/strong><\/p>\n<p>Styrelsesuppleanter: <strong>Anders Abrahamsson\u00a0och Jan-Anders Sj\u00f6blom.<\/strong><\/p>\n<p>Verksamhetsgranskare: <strong>B\u00f6rje Engstr\u00f6m och Bertil Rantala.<\/strong><\/p>\n<p>Verksamhetsgranskarsuppleant: <strong>Jan Enkvist och<\/strong> <strong>Kenneth Holmqvist<\/strong><strong>.<\/strong><\/p>\n<p>Pressombud: <strong>Tore Sj\u00f6blom.<\/strong><\/p>\n<p>Under \u00e5ret har fyra styrelsem\u00f6ten h\u00e5llits samt fyra f\u00f6reningsm\u00f6ten.<\/p>\n<p>Under \u00e5ret har 4 medlemmar fyllt 70 \u00e5r, 1 medlem har fyllt 80 \u00e5r.\u00a0Samtliga medlemmar har uppvaktats.<\/p>\n<p>Under perioden har sex medlemmar intagits i f\u00f6reningen. Tre medlemmar har avlidit.\u00a0<span style=\"font-size: 1rem;\">En medlem har uteslutits fr\u00e5n f\u00f6reningen.<\/span><\/p>\n<p>Resa till \u00c5land, hemresa via K\u00f6kar 9\u201312.6.2014<\/p>\n<p>Ordf\u00f6randem\u00f6te i N\u00e5dendal 17.5.2014. Tage Johansson deltog.<\/p>\n<p>\u00c5bo maskinbef\u00e4lsf\u00f6rening firade sitt 140 \u00e5rsjubileum 17.5.2014 i N\u00e5dendal.<\/p>\n<p>Tage Johansson med avec och Bj\u00f6rn Eklund med avec deltog i festen.<\/p>\n<p>Under f\u00f6reningsm\u00f6tena har man behandlat och diskuterat aktuella fr\u00e5gor inom branschen.<\/p>\n<p>Styrelsen tackar alla medlemmar f\u00f6r det g\u00e5ngna \u00e5ret.<\/p>\n<p>Pargas den 26.2.2014<\/p>\n<p><a href=\"http:\/\/pargasmaskinbefal.fi\/index.php\/aktuellt\/\"><em><strong><span style=\"color: #0000ff;\">Home<\/span><\/strong><\/em><\/a><\/p>\n","protected":false},"excerpt":{"rendered":"<p>Verksamhetsber\u00e4ttelse f\u00f6r Pargas Maskinbef\u00e4lsf\u00f6rening \u00e5r 2014 . \u00a0Det g\u00e5ngna \u00e5ret var f\u00f6reningens 89:de verksamhets\u00e5r. Tage Johansson har fungerat som f\u00f6reningens ordf\u00f6rande. Jan-Erik S\u00f6derholm har fungerat som vice ordf\u00f6rande samt kass\u00f6r Berndt Karlsson har fungerat som f\u00f6reningens sekreterare. Styrelsen ordinarie medlemmar har varit: Tage Johansson, Lars Andersson,Lasse Alhonen, Bj\u00f6rn Eklund, Tore\u00a0Sj\u00f6blom, Jan-Erik S\u00f6derholm och Berndt Karlsson. &hellip; <\/p>\n<p class=\"link-more\"><a href=\"https:\/\/pargasmaskinbefal.fi\/index.php\/motesprotokoll\/8-12-2016\/\" class=\"more-link\">Continue reading<span class=\"screen-reader-text\"> &#8220;2014&#8221;<\/span><\/a><\/p>\n","protected":false},"author":1,"featured_media":0,"parent":740,"menu_order":0,"comment_status":"closed","ping_status":"closed","template":"","meta":[],"_links":{"self":[{"href":"https:\/\/pargasmaskinbefal.fi\/index.php\/wp-json\/wp\/v2\/pages\/666"}],"collection":[{"href":"https:\/\/pargasmaskinbefal.fi\/index.php\/wp-json\/wp\/v2\/pages"}],"about":[{"href":"https:\/\/pargasmaskinbefal.fi\/index.php\/wp-json\/wp\/v2\/types\/page"}],"author":[{"embeddable":true,"href":"https:\/\/pargasmaskinbefal.fi\/index.php\/wp-json\/wp\/v2\/users\/1"}],"replies":[{"embeddable":true,"href":"https:\/\/pargasmaskinbefal.fi\/index.php\/wp-json\/wp\/v2\/comments?post=666"}],"version-history":[{"count":20,"href":"https:\/\/pargasmaskinbefal.fi\/index.php\/wp-json\/wp\/v2\/pages\/666\/revisions"}],"predecessor-version":[{"id":1361,"href":"https:\/\/pargasmaskinbefal.fi\/index.php\/wp-json\/wp\/v2\/pages\/666\/revisions\/1361"}],"up":[{"embeddable":true,"href":"https:\/\/pargasmaskinbefal.fi\/index.php\/wp-json\/wp\/v2\/pages\/740"}],"wp:attachment":[{"href":"https:\/\/pargasmaskinbefal.fi\/index.php\/wp-json\/wp\/v2\/media?parent=666"}],"curies":[{"name":"wp","href":"https:\/\/api.w.org\/{rel}","templated":true}]}}