{"id":723,"date":"2017-02-16T12:39:41","date_gmt":"2017-02-16T10:39:41","guid":{"rendered":"http:\/\/pargasmaskinbefal.fi\/?page_id=723"},"modified":"2017-06-24T19:57:07","modified_gmt":"2017-06-24T17:57:07","slug":"2015-90-ars-festen","status":"publish","type":"page","link":"https:\/\/pargasmaskinbefal.fi\/index.php\/resor\/2015-90-ars-festen\/","title":{"rendered":"2015 90 \u00e5rs festen"},"content":{"rendered":"<p>&nbsp;<\/p>\n<p><strong>F\u00f6reningens 90-\u00e5rs fest N\u00e5dendal SPA 21.3.2015.<\/strong><\/p>\n<p><img loading=\"lazy\" class=\"aligncenter wp-image-593 size-full\" src=\"http:\/\/pargasmaskinbefal.fi\/wp-content\/uploads\/2016\/12\/1.jpg\" width=\"4000\" height=\"3000\" srcset=\"https:\/\/pargasmaskinbefal.fi\/wp-content\/uploads\/2016\/12\/1.jpg 4000w, https:\/\/pargasmaskinbefal.fi\/wp-content\/uploads\/2016\/12\/1-300x225.jpg 300w, https:\/\/pargasmaskinbefal.fi\/wp-content\/uploads\/2016\/12\/1-768x576.jpg 768w, https:\/\/pargasmaskinbefal.fi\/wp-content\/uploads\/2016\/12\/1-1024x768.jpg 1024w\" sizes=\"(max-width: 767px) 89vw, (max-width: 1000px) 54vw, (max-width: 1071px) 543px, 580px\" \/><\/p>\n<p><img loading=\"lazy\" class=\"aligncenter wp-image-592 size-full\" src=\"http:\/\/pargasmaskinbefal.fi\/wp-content\/uploads\/2016\/12\/2.jpg\" width=\"4000\" height=\"3000\" srcset=\"https:\/\/pargasmaskinbefal.fi\/wp-content\/uploads\/2016\/12\/2.jpg 4000w, https:\/\/pargasmaskinbefal.fi\/wp-content\/uploads\/2016\/12\/2-300x225.jpg 300w, https:\/\/pargasmaskinbefal.fi\/wp-content\/uploads\/2016\/12\/2-768x576.jpg 768w, https:\/\/pargasmaskinbefal.fi\/wp-content\/uploads\/2016\/12\/2-1024x768.jpg 1024w\" sizes=\"(max-width: 767px) 89vw, (max-width: 1000px) 54vw, (max-width: 1071px) 543px, 580px\" \/><\/p>\n<p><img loading=\"lazy\" class=\"alignnone wp-image-591 size-full\" src=\"http:\/\/pargasmaskinbefal.fi\/wp-content\/uploads\/2016\/12\/3.jpg\" width=\"4000\" height=\"3000\" srcset=\"https:\/\/pargasmaskinbefal.fi\/wp-content\/uploads\/2016\/12\/3.jpg 4000w, https:\/\/pargasmaskinbefal.fi\/wp-content\/uploads\/2016\/12\/3-300x225.jpg 300w, https:\/\/pargasmaskinbefal.fi\/wp-content\/uploads\/2016\/12\/3-768x576.jpg 768w, https:\/\/pargasmaskinbefal.fi\/wp-content\/uploads\/2016\/12\/3-1024x768.jpg 1024w\" sizes=\"(max-width: 767px) 89vw, (max-width: 1000px) 54vw, (max-width: 1071px) 543px, 580px\" \/><\/p>\n<p><img loading=\"lazy\" class=\"aligncenter wp-image-590 size-full\" src=\"http:\/\/pargasmaskinbefal.fi\/wp-content\/uploads\/2016\/12\/4.jpg\" width=\"4000\" height=\"3000\" srcset=\"https:\/\/pargasmaskinbefal.fi\/wp-content\/uploads\/2016\/12\/4.jpg 4000w, https:\/\/pargasmaskinbefal.fi\/wp-content\/uploads\/2016\/12\/4-300x225.jpg 300w, https:\/\/pargasmaskinbefal.fi\/wp-content\/uploads\/2016\/12\/4-768x576.jpg 768w, https:\/\/pargasmaskinbefal.fi\/wp-content\/uploads\/2016\/12\/4-1024x768.jpg 1024w\" sizes=\"(max-width: 767px) 89vw, (max-width: 1000px) 54vw, (max-width: 1071px) 543px, 580px\" \/><\/p>\n<p><img loading=\"lazy\" class=\"aligncenter wp-image-589 size-full\" src=\"http:\/\/pargasmaskinbefal.fi\/wp-content\/uploads\/2016\/12\/5.jpg\" width=\"4000\" height=\"3000\" srcset=\"https:\/\/pargasmaskinbefal.fi\/wp-content\/uploads\/2016\/12\/5.jpg 4000w, https:\/\/pargasmaskinbefal.fi\/wp-content\/uploads\/2016\/12\/5-300x225.jpg 300w, https:\/\/pargasmaskinbefal.fi\/wp-content\/uploads\/2016\/12\/5-768x576.jpg 768w, https:\/\/pargasmaskinbefal.fi\/wp-content\/uploads\/2016\/12\/5-1024x768.jpg 1024w\" sizes=\"(max-width: 767px) 89vw, (max-width: 1000px) 54vw, (max-width: 1071px) 543px, 580px\" \/><\/p>\n<p><img loading=\"lazy\" class=\"aligncenter wp-image-588 size-full\" src=\"http:\/\/pargasmaskinbefal.fi\/wp-content\/uploads\/2016\/12\/6.jpg\" width=\"2592\" height=\"1944\" srcset=\"https:\/\/pargasmaskinbefal.fi\/wp-content\/uploads\/2016\/12\/6.jpg 2592w, https:\/\/pargasmaskinbefal.fi\/wp-content\/uploads\/2016\/12\/6-300x225.jpg 300w, https:\/\/pargasmaskinbefal.fi\/wp-content\/uploads\/2016\/12\/6-768x576.jpg 768w, https:\/\/pargasmaskinbefal.fi\/wp-content\/uploads\/2016\/12\/6-1024x768.jpg 1024w\" sizes=\"(max-width: 767px) 89vw, (max-width: 1000px) 54vw, (max-width: 1071px) 543px, 580px\" \/><\/p>\n<p><img loading=\"lazy\" class=\"aligncenter wp-image-587 size-full\" src=\"http:\/\/pargasmaskinbefal.fi\/wp-content\/uploads\/2016\/12\/7.jpg\" width=\"2592\" height=\"1944\" srcset=\"https:\/\/pargasmaskinbefal.fi\/wp-content\/uploads\/2016\/12\/7.jpg 2592w, https:\/\/pargasmaskinbefal.fi\/wp-content\/uploads\/2016\/12\/7-300x225.jpg 300w, https:\/\/pargasmaskinbefal.fi\/wp-content\/uploads\/2016\/12\/7-768x576.jpg 768w, https:\/\/pargasmaskinbefal.fi\/wp-content\/uploads\/2016\/12\/7-1024x768.jpg 1024w\" sizes=\"(max-width: 767px) 89vw, (max-width: 1000px) 54vw, (max-width: 1071px) 543px, 580px\" \/><\/p>\n<p><img loading=\"lazy\" class=\"aligncenter wp-image-586 size-full\" src=\"http:\/\/pargasmaskinbefal.fi\/wp-content\/uploads\/2016\/12\/8.jpg\" width=\"2592\" height=\"1944\" srcset=\"https:\/\/pargasmaskinbefal.fi\/wp-content\/uploads\/2016\/12\/8.jpg 2592w, https:\/\/pargasmaskinbefal.fi\/wp-content\/uploads\/2016\/12\/8-300x225.jpg 300w, https:\/\/pargasmaskinbefal.fi\/wp-content\/uploads\/2016\/12\/8-768x576.jpg 768w, https:\/\/pargasmaskinbefal.fi\/wp-content\/uploads\/2016\/12\/8-1024x768.jpg 1024w\" sizes=\"(max-width: 767px) 89vw, (max-width: 1000px) 54vw, (max-width: 1071px) 543px, 580px\" \/><\/p>\n<p><img loading=\"lazy\" class=\"aligncenter wp-image-585 size-full\" src=\"http:\/\/pargasmaskinbefal.fi\/wp-content\/uploads\/2016\/12\/9.jpg\" width=\"2592\" height=\"1944\" srcset=\"https:\/\/pargasmaskinbefal.fi\/wp-content\/uploads\/2016\/12\/9.jpg 2592w, https:\/\/pargasmaskinbefal.fi\/wp-content\/uploads\/2016\/12\/9-300x225.jpg 300w, https:\/\/pargasmaskinbefal.fi\/wp-content\/uploads\/2016\/12\/9-768x576.jpg 768w, https:\/\/pargasmaskinbefal.fi\/wp-content\/uploads\/2016\/12\/9-1024x768.jpg 1024w\" sizes=\"(max-width: 767px) 89vw, (max-width: 1000px) 54vw, (max-width: 1071px) 543px, 580px\" \/><\/p>\n<p><img loading=\"lazy\" class=\"aligncenter wp-image-584 size-full\" src=\"http:\/\/pargasmaskinbefal.fi\/wp-content\/uploads\/2016\/12\/10.jpg\" width=\"2592\" height=\"1944\" srcset=\"https:\/\/pargasmaskinbefal.fi\/wp-content\/uploads\/2016\/12\/10.jpg 2592w, https:\/\/pargasmaskinbefal.fi\/wp-content\/uploads\/2016\/12\/10-300x225.jpg 300w, https:\/\/pargasmaskinbefal.fi\/wp-content\/uploads\/2016\/12\/10-768x576.jpg 768w, https:\/\/pargasmaskinbefal.fi\/wp-content\/uploads\/2016\/12\/10-1024x768.jpg 1024w\" sizes=\"(max-width: 767px) 89vw, (max-width: 1000px) 54vw, (max-width: 1071px) 543px, 580px\" \/><\/p>\n","protected":false},"excerpt":{"rendered":"<p>&nbsp; F\u00f6reningens 90-\u00e5rs fest N\u00e5dendal SPA 21.3.2015.<\/p>\n","protected":false},"author":1,"featured_media":0,"parent":742,"menu_order":0,"comment_status":"closed","ping_status":"closed","template":"","meta":[],"_links":{"self":[{"href":"https:\/\/pargasmaskinbefal.fi\/index.php\/wp-json\/wp\/v2\/pages\/723"}],"collection":[{"href":"https:\/\/pargasmaskinbefal.fi\/index.php\/wp-json\/wp\/v2\/pages"}],"about":[{"href":"https:\/\/pargasmaskinbefal.fi\/index.php\/wp-json\/wp\/v2\/types\/page"}],"author":[{"embeddable":true,"href":"https:\/\/pargasmaskinbefal.fi\/index.php\/wp-json\/wp\/v2\/users\/1"}],"replies":[{"embeddable":true,"href":"https:\/\/pargasmaskinbefal.fi\/index.php\/wp-json\/wp\/v2\/comments?post=723"}],"version-history":[{"count":7,"href":"https:\/\/pargasmaskinbefal.fi\/index.php\/wp-json\/wp\/v2\/pages\/723\/revisions"}],"predecessor-version":[{"id":1067,"href":"https:\/\/pargasmaskinbefal.fi\/index.php\/wp-json\/wp\/v2\/pages\/723\/revisions\/1067"}],"up":[{"embeddable":true,"href":"https:\/\/pargasmaskinbefal.fi\/index.php\/wp-json\/wp\/v2\/pages\/742"}],"wp:attachment":[{"href":"https:\/\/pargasmaskinbefal.fi\/index.php\/wp-json\/wp\/v2\/media?parent=723"}],"curies":[{"name":"wp","href":"https:\/\/api.w.org\/{rel}","templated":true}]}}