{"id":729,"date":"2017-02-16T14:00:35","date_gmt":"2017-02-16T12:00:35","guid":{"rendered":"http:\/\/pargasmaskinbefal.fi\/?page_id=729"},"modified":"2018-02-14T20:27:01","modified_gmt":"2018-02-14T18:27:01","slug":"formaner","status":"publish","type":"page","link":"https:\/\/pargasmaskinbefal.fi\/index.php\/formaner\/","title":{"rendered":"F\u00f6rm\u00e5ner"},"content":{"rendered":"<p>&nbsp;<\/p>\n<p><strong>Som medlem i maskinbef\u00e4lsf\u00f6rbundet f\u00e5r du m\u00e5nga f\u00f6rm\u00e5ner.<\/strong><\/p>\n<p>&nbsp;<\/p>\n<ul>\n<li>Kollektivavtal f\u00f6r olika branscher.<\/li>\n<li>R\u00e5dgivning i anst\u00e4llningsf\u00f6rh\u00e5llanden.<\/li>\n<li>R\u00e4ttskyddsf\u00f6rs\u00e4kring i problem som g\u00e4ller anst\u00e4llningsf\u00f6rh\u00e5llanden.<\/li>\n<li>Arbetsl\u00f6shetsf\u00f6rs\u00e4kring i arbetsl\u00f6shetskassan.<\/li>\n<li>Tidskrift <strong><em>Kraft och Drift.<\/em><\/strong><\/li>\n<li>Kalender.<\/li>\n<li>Medlemskort.<\/li>\n<li><a href=\"http:\/\/www.turva.fi\/suomen-konepaallystoliitto\/etusivu\"><em><span style=\"color: #0000ff;\">Fritidsf\u00f6rs\u00e4kring.<\/span><\/em><\/a><\/li>\n<li>Rabatt p\u00e5 Turvas f\u00f6rs\u00e4kringar.<\/li>\n<li>Rabatt p\u00e5 rumspriser i hotell <em><strong>Levitunturi.<\/strong><\/em><\/li>\n<li>Rabatt fr\u00e5n alla hotell som h\u00f6r till Suomen Retkeilymajaj\u00e4rjest\u00f6 SRM r.y. Hostellkortsf\u00f6rm\u00e5ner fr\u00e5n FMBF_s medlemskort.<\/li>\n<li>Sj\u00f6mansservicebyr\u00e5ns semesterstugor till sj\u00f6fararnas f\u00f6rfogande till ett f\u00f6rm\u00e5nligt pris.<\/li>\n<li>Silja Line beviljar rabatt p\u00e5 b\u00e5tresor.<\/li>\n<li>Viking Line beviljar rabatt p\u00e5 b\u00e5tresor.<\/li>\n<li>Ecker\u00f6 Line beviljkar rabatt p\u00e5 b\u00e5tresor.<\/li>\n<li>Logoprodukter, bl.a. ring.<\/li>\n<li>Lakiasiaintoimisto Kasanen&amp;Vuorinen beviljar rabatt i personliga lag\u00e4renden.<\/li>\n<li><a href=\"http:\/\/www.turva.fi\/suomen-konepaallystoliitto\/etusivu\"><em><span style=\"color: #0000ff;\">Resef\u00f6rs\u00e4kring.<\/span><\/em><\/a><\/li>\n<li><a href=\"http:\/\/www.eckeroline.fi\"><span style=\"color: #0000ff;\"><em>Ecker\u00f6 Line.<\/em><\/span><\/a><\/li>\n<\/ul>\n<p>&nbsp;<\/p>\n<p>V\u00e4nligen kontrollera samtliga f\u00f6rm\u00e5ner p\u00e5 f\u00f6rbundets sidor, <a href=\"http:\/\/www.konepaallystoliitto.fi\"><span style=\"color: #0000ff;\">Suomen Konep\u00e4\u00e4llyst\u00f6liitto.<\/span><\/a><\/p>\n<p>&nbsp;<\/p>\n<p><b>Som medlem i <span style=\"color: #0000ff;\">Pargas\u00a0maskinbef\u00e4lsf\u00f6rening<\/span>\u00a0f\u00e5r du <span style=\"color: #0000ff;\">ytterligare f\u00f6rm\u00e5ner.<\/span><\/b><\/p>\n<ul>\n<li>M\u00f6jlighet att deltaga p\u00e5 f\u00f6reningens m\u00f6ten, fyra ggr per \u00e5r.<\/li>\n<li>M\u00f6jlighet att deltaga i f\u00f6reningens ordnade resor. I tiderna har Sterna bes\u00f6kts innan trafikstarten, samt elf\u00e4rjan Electra. Ett \u00e5rsm\u00f6te h\u00f6lls tidigare p\u00e5 Viking Grace med tillh\u00f6rande dag i Stockholm, etc.<\/li>\n<\/ul>\n<p>Allt detta erh\u00e5ller du genom att fylla i <a href=\"https:\/\/www.konepaallystoliitto.fi\/wp-content\/uploads\/2017\/02\/Jasenhakemus_2017.pdf\"><b>ans\u00f6kningblanketten<\/b> <\/a>p\u00e5 f\u00f6rbundets sidor, skicka in den till f\u00f6rbundet eller helst till f\u00f6reningens sekreterare i Pargas.<\/p>\n<p style=\"text-align: left;\"><b>\u00a0<\/b><\/p>\n<p><a style=\"font-size: 1rem;\" href=\"http:\/\/pargasmaskinbefal.fi\/index.php\/2017\/01\/30\/hello-world\/\"><em><strong><span style=\"color: #0000ff;\">Home<\/span><\/strong><\/em><\/a><\/p>\n<p>&nbsp;<\/p>\n","protected":false},"excerpt":{"rendered":"<p>&nbsp; Som medlem i maskinbef\u00e4lsf\u00f6rbundet f\u00e5r du m\u00e5nga f\u00f6rm\u00e5ner. &nbsp; Kollektivavtal f\u00f6r olika branscher. R\u00e5dgivning i anst\u00e4llningsf\u00f6rh\u00e5llanden. R\u00e4ttskyddsf\u00f6rs\u00e4kring i problem som g\u00e4ller anst\u00e4llningsf\u00f6rh\u00e5llanden. Arbetsl\u00f6shetsf\u00f6rs\u00e4kring i arbetsl\u00f6shetskassan. Tidskrift Kraft och Drift. Kalender. Medlemskort. Fritidsf\u00f6rs\u00e4kring. Rabatt p\u00e5 Turvas f\u00f6rs\u00e4kringar. Rabatt p\u00e5 rumspriser i hotell Levitunturi. Rabatt fr\u00e5n alla hotell som h\u00f6r till Suomen Retkeilymajaj\u00e4rjest\u00f6 SRM r.y. Hostellkortsf\u00f6rm\u00e5ner &hellip; <\/p>\n<p class=\"link-more\"><a href=\"https:\/\/pargasmaskinbefal.fi\/index.php\/formaner\/\" class=\"more-link\">Continue reading<span class=\"screen-reader-text\"> &#8220;F\u00f6rm\u00e5ner&#8221;<\/span><\/a><\/p>\n","protected":false},"author":1,"featured_media":0,"parent":0,"menu_order":0,"comment_status":"closed","ping_status":"closed","template":"","meta":[],"_links":{"self":[{"href":"https:\/\/pargasmaskinbefal.fi\/index.php\/wp-json\/wp\/v2\/pages\/729"}],"collection":[{"href":"https:\/\/pargasmaskinbefal.fi\/index.php\/wp-json\/wp\/v2\/pages"}],"about":[{"href":"https:\/\/pargasmaskinbefal.fi\/index.php\/wp-json\/wp\/v2\/types\/page"}],"author":[{"embeddable":true,"href":"https:\/\/pargasmaskinbefal.fi\/index.php\/wp-json\/wp\/v2\/users\/1"}],"replies":[{"embeddable":true,"href":"https:\/\/pargasmaskinbefal.fi\/index.php\/wp-json\/wp\/v2\/comments?post=729"}],"version-history":[{"count":16,"href":"https:\/\/pargasmaskinbefal.fi\/index.php\/wp-json\/wp\/v2\/pages\/729\/revisions"}],"predecessor-version":[{"id":1232,"href":"https:\/\/pargasmaskinbefal.fi\/index.php\/wp-json\/wp\/v2\/pages\/729\/revisions\/1232"}],"wp:attachment":[{"href":"https:\/\/pargasmaskinbefal.fi\/index.php\/wp-json\/wp\/v2\/media?parent=729"}],"curies":[{"name":"wp","href":"https:\/\/api.w.org\/{rel}","templated":true}]}}