{"id":734,"date":"2017-02-16T14:02:13","date_gmt":"2017-02-16T12:02:13","guid":{"rendered":"http:\/\/pargasmaskinbefal.fi\/?page_id=734"},"modified":"2017-02-16T14:09:05","modified_gmt":"2017-02-16T12:09:05","slug":"styrelsen","status":"publish","type":"page","link":"https:\/\/pargasmaskinbefal.fi\/index.php\/styrelsen\/","title":{"rendered":"Styrelsen"},"content":{"rendered":"<div class=\"abcfslGridCntr  abcfslMLRAuto SL_L_v392 abcfslGridCntr_539\"><div class=\"abcfslItemCntrLst abcfslPadBMB30 abcfClrFix\"><div class=\"abcfslLstCol abcfslLstCol-5 abcfslImgColLst\"><div class=\"abcfslImgCntrLst abcfslMLRPc\"><img  src=\"http:\/\/pargasmaskinbefal.fi\/wp-content\/uploads\/2017\/02\/janerik.jpg\" class=\"abcfslImgBorder1\" alt=\"\" itemprop=\"image\"  \/><\/div><\/div><div class=\"abcfslLstCol abcfslLstCol-7 abcfslTxtColLst\"><div class=\"abcfslTxtCntrLst  abcfslPadLPc5\"><div class=\"abcfslF12_7 T-F1\">S\u00f6derholm Jan-Erik (kass\u00f6r, vice ordf\u00f6rande)<\/div><div class=\"abcfslF12_7 LT-F4\"><span>Telefon&nbsp;<\/span><span>040 753 0554<\/span><\/div><div class=\"abcfslF12_7 EM-F3\"><a href=\"mailto:jan-erik.soderholm@parnet.fi\">e.post : Jan-Erik S\u00f6derholm<\/a><\/div><\/div><\/div><\/div><div class=\"abcfslItemCntrLst abcfslPadBMB30 abcfClrFix\"><div class=\"abcfslLstCol abcfslLstCol-5 abcfslImgColLst\"><div class=\"abcfslImgCntrLst abcfslMLRPc\"><img  src=\"http:\/\/pargasmaskinbefal.fi\/wp-content\/uploads\/2017\/02\/tage.jpg\" class=\"abcfslImgBorder1\" alt=\"\" itemprop=\"image\"  \/><\/div><\/div><div class=\"abcfslLstCol abcfslLstCol-7 abcfslTxtColLst\"><div class=\"abcfslTxtCntrLst  abcfslPadLPc5\"><div class=\"abcfslF12_7 T-F1\">Johansson Tage (ordf\u00f6rande)<\/div><div class=\"abcfslF12_7 LT-F4\"><span>Telefon&nbsp;<\/span><span>040 845 8042<\/span><\/div><div class=\"abcfslF12_7 EM-F3\"><a href=\"mailto:tage.johansson@parnet.fi\">e.post : Tage Johansson<\/a><\/div><\/div><\/div><\/div><div class=\"abcfslItemCntrLst abcfslPadBMB30 abcfClrFix\"><div class=\"abcfslLstCol abcfslLstCol-5 abcfslImgColLst\"><div class=\"abcfslImgCntrLst abcfslMLRPc\"><img  src=\"http:\/\/pargasmaskinbefal.fi\/wp-content\/uploads\/2017\/02\/jan.jpg\" class=\"abcfslImgBorder1\" alt=\"\" itemprop=\"image\"  \/><\/div><\/div><div class=\"abcfslLstCol abcfslLstCol-7 abcfslTxtColLst\"><div class=\"abcfslTxtCntrLst  abcfslPadLPc5\"><div class=\"abcfslF12_7 T-F1\">Sj\u00f6blom Jan-Anders<\/div><div class=\"abcfslF12_7 LT-F4\"><span>Telefon&nbsp;<\/span><span>040 547 3167<\/span><\/div><div class=\"abcfslF12_7 EM-F3\"><a href=\"mailto:sjoblomjananders@gmail.com\">e-post: Jan-Anders Sj\u00f6blom<\/a><\/div><\/div><\/div><\/div><div class=\"abcfslItemCntrLst abcfslPadBMB30 abcfClrFix\"><div class=\"abcfslLstCol abcfslLstCol-5 abcfslImgColLst\"><div class=\"abcfslImgCntrLst abcfslMLRPc\"><img  src=\"http:\/\/pargasmaskinbefal.fi\/wp-content\/uploads\/2022\/03\/Kenneth-1.jpg\" class=\"abcfslImgBorder1\" alt=\"\" itemprop=\"image\"  \/><\/div><\/div><div class=\"abcfslLstCol abcfslLstCol-7 abcfslTxtColLst\"><div class=\"abcfslTxtCntrLst  abcfslPadLPc5\"><div class=\"abcfslF12_7 T-F1\">Holmqvist Kenneth<\/div><div class=\"abcfslF12_7 LT-F4\"><span>Telefon&nbsp;<\/span><span>0400 207 172<\/span><\/div><div class=\"abcfslF12_7 EM-F3\"><a href=\"mailto:kenneth.holmqvist@gmail.com\">e-post: Kenneth Holmqvist<\/a><\/div><\/div><\/div><\/div><div class=\"abcfslItemCntrLst abcfslPadBMB30 abcfClrFix\"><div class=\"abcfslLstCol abcfslLstCol-5 abcfslImgColLst\"><div class=\"abcfslImgCntrLst abcfslMLRPc\"><img  src=\"http:\/\/pargasmaskinbefal.fi\/wp-content\/uploads\/2023\/01\/Ronny-2-e1672681933486.jpg\" class=\"abcfslImgBorder1\" alt=\"Ronny\"  itemprop=\"image\"  \/><\/div><\/div><div class=\"abcfslLstCol abcfslLstCol-7 abcfslTxtColLst\"><div class=\"abcfslTxtCntrLst  abcfslPadLPc5\"><div class=\"abcfslF12_7 T-F1\">Nedermo Ronny (Sekreterare)<\/div><div class=\"abcfslF12_7 LT-F4\"><span>Telefon&nbsp;<\/span><span>0400 477 532<\/span><\/div><div class=\"abcfslF12_7 EM-F3\"><a href=\"mailto:ronny@roneco.fi\">e-post : Ronny Nedermo<\/a><\/div><\/div><\/div><\/div><div class=\"abcfslItemCntrLst abcfslPadBMB30 abcfClrFix\"><div class=\"abcfslLstCol abcfslLstCol-5 abcfslImgColLst\"><div class=\"abcfslImgCntrLst abcfslMLRPc\"><img  src=\"http:\/\/pargasmaskinbefal.fi\/wp-content\/uploads\/2026\/01\/Axel-Kolari-1-e1768841109212.jpg\" class=\"abcfslImgBorder1\" alt=\"\" itemprop=\"image\"  \/><\/div><\/div><div class=\"abcfslLstCol abcfslLstCol-7 abcfslTxtColLst\"><div class=\"abcfslTxtCntrLst  abcfslPadLPc5\"><div class=\"abcfslF12_7 T-F1\">Kolari Axel<\/div><div class=\"abcfslF12_7 LT-F4\"><span>Telefon&nbsp;<\/span><span>045 134 8747<\/span><\/div><div class=\"abcfslF12_7 EM-F3\"><a href=\"mailto:axel.kolari@gmail.com\">e-post : Axel Kolari<\/a><\/div><\/div><\/div><\/div><\/div>\n","protected":false},"excerpt":{"rendered":"","protected":false},"author":1,"featured_media":0,"parent":0,"menu_order":0,"comment_status":"closed","ping_status":"closed","template":"","meta":[],"_links":{"self":[{"href":"https:\/\/pargasmaskinbefal.fi\/index.php\/wp-json\/wp\/v2\/pages\/734"}],"collection":[{"href":"https:\/\/pargasmaskinbefal.fi\/index.php\/wp-json\/wp\/v2\/pages"}],"about":[{"href":"https:\/\/pargasmaskinbefal.fi\/index.php\/wp-json\/wp\/v2\/types\/page"}],"author":[{"embeddable":true,"href":"https:\/\/pargasmaskinbefal.fi\/index.php\/wp-json\/wp\/v2\/users\/1"}],"replies":[{"embeddable":true,"href":"https:\/\/pargasmaskinbefal.fi\/index.php\/wp-json\/wp\/v2\/comments?post=734"}],"version-history":[{"count":3,"href":"https:\/\/pargasmaskinbefal.fi\/index.php\/wp-json\/wp\/v2\/pages\/734\/revisions"}],"predecessor-version":[{"id":782,"href":"https:\/\/pargasmaskinbefal.fi\/index.php\/wp-json\/wp\/v2\/pages\/734\/revisions\/782"}],"wp:attachment":[{"href":"https:\/\/pargasmaskinbefal.fi\/index.php\/wp-json\/wp\/v2\/media?parent=734"}],"curies":[{"name":"wp","href":"https:\/\/api.w.org\/{rel}","templated":true}]}}