{"id":744,"date":"2017-02-16T14:02:33","date_gmt":"2017-02-16T12:02:33","guid":{"rendered":"http:\/\/pargasmaskinbefal.fi\/?page_id=744"},"modified":"2017-02-19T18:39:40","modified_gmt":"2017-02-19T16:39:40","slug":"stadgar","status":"publish","type":"page","link":"https:\/\/pargasmaskinbefal.fi\/index.php\/stadgar\/","title":{"rendered":"Stadgar"},"content":{"rendered":"<h3><\/h3>\n<h3><strong>Stadgar f\u00f6r Pargas Maskinbef\u00e4lsf\u00f6rening r.f.<\/strong><\/h3>\n<p>&nbsp;<\/p>\n<p><strong>1 \u00a7 Namn och hemort.<\/strong><\/p>\n<p>F\u00f6reningens namn \u00e4r Pargas Maskinbef\u00e4lsf\u00f6rening r.f. Paraisten Konep\u00e4\u00e4llyst\u00f6yhdistys r.y.\u00a0Dess hemort \u00e4r Pargas.<br \/>\nF\u00f6reningen tillh\u00f6r s\u00e5som medlem i Suomen Konep\u00e4\u00e4llyst\u00f6liitto \u2013 Finlands Maskinbef\u00e4lsf\u00f6rbund r.f. som i dessa stadgar kallas f\u00f6rbundet \u00a0och \u00e4r skyldig att f\u00f6lja dessa stadgar.<\/p>\n<p><strong>2 \u00a7 F\u00f6reningens \u00e4ndam\u00e5l.<\/strong><\/p>\n<p>F\u00f6reningens \u00e4ndam\u00e5l \u00e4r att bringa maskinm\u00e4starna p\u00e5 dess hemort och dess n\u00e4ra omgivning i en n\u00e4ra samverkan med varandra, f\u00f6r att befordra deras fackliga utveckling, samt h\u00f6ja deras samh\u00e4lleliga och ekonomiska st\u00e4llning. F\u00f6r att uppn\u00e5 sitt syfte anordnar f\u00f6reningen tillsammans med f\u00f6rbundet f\u00f6redrags- och m\u00f6testillf\u00e4llen, kurser och annan dylik verksamhet. F\u00f6reningen st\u00f6der sin verksamhet genom att verkst\u00e4lla lotterier och penninginsamlingar. Vid behov anskaffar f\u00f6reningen vederb\u00f6rligt tillst\u00e5nd f\u00f6r sin verksamhet.<\/p>\n<p><strong>3 \u00a7 M\u00f6te och protokollspr\u00e5k, samt partist\u00e5ndpunkt.<\/strong><\/p>\n<p><em>3.1. <\/em>F\u00f6reningens m\u00f6tes och protokollspr\u00e5k \u00e4r svenska.<br \/>\n<em>3.2.<\/em> I politiskt avseende \u00e4r f\u00f6reningen fullst\u00e4ndigt neutral.<\/p>\n<p><strong>4 \u00a7 Anslutning och uteslutning ur f\u00f6reningen.<\/strong><\/p>\n<p><em>4.1.<\/em>\u00a0Till medlem i f\u00f6reningen kan antagas varje v\u00e4lfrejdad finsk medborgare, verksam inom sj\u00f6fart, industri eller industriproduktion samt den offentliga sektorn, \u00a0som har teknisk utbildning och \u00a0d\u00e4r lagen kr\u00e4ver, beh\u00f6righetsbrev som utf\u00e4rdats av vederb\u00f6rande myndighet och som godk\u00e4nnas av f\u00f6reningens styrelse.<\/p>\n<p><em>4.2.<\/em> I specialfall kan styrelsen som medlem godk\u00e4nna person eller utl\u00e4ndsk medborgare med motsvarande utbildning. Utl\u00e4nningarnas antal f\u00e5r dock inte \u00f6verstiga 1\/3 av f\u00f6reningens totala medlemskap.<br \/>\nStyrelsen kan till f\u00f6reningsmedlem anta s.k. passivmedlem, person som har maskinteknisk utbildning och som betalar medlemsavgift till annat f\u00f6rbund, men dock ej till s\u00e5dant som tillh\u00f6r samma centralorganisation som f\u00f6rbundet.<br \/>\nPassivmedlem kan inte uppst\u00e4llas som kandidat vid val av f\u00f6rbundsstyrelseordf\u00f6rande eller f\u00f6rbundsstyrelseledamot.<\/p>\n<p><em>4.3<\/em>\u00a0.Person som \u00f6nskar ansluta sig till medlem till f\u00f6reningen, b\u00f6r inl\u00e4mna en egenh\u00e4ndigt undertecknad ans\u00f6kningsblankett till f\u00f6reningen, eller f\u00f6rbundet.<\/p>\n<p><em>4.4.<\/em> Hederstiteln &#8221; f\u00f6reningens Hedersmedlem &#8221; kan p\u00e5 f\u00f6reningens m\u00f6te p\u00e5 styrelsens f\u00f6rslag tilldela s\u00e5dan person, som genom sin verksamhet visat speciellt intresse f\u00f6r f\u00f6reningen eller dess medlemmar.<\/p>\n<p><em>4.5.<\/em> F\u00f6reningsmedlem, som tilldelats hedersmedlemskap och diplom, befrias fr\u00e5n medlemsavgiften. F\u00f6reningen b\u00f6r f\u00f6r honom erl\u00e4gga stadgeenliga f\u00f6rbundsavgifter.<\/p>\n<p><em>4.6.<\/em> Medlem, som genom sin verksamhet skadar f\u00f6reningens syftem\u00e5l eller f\u00f6reningens verksamhet, bryter mot best\u00e4mmelserna i dessa stadgar eller genom sitt uppf\u00f6rande neds\u00e4tter medlemsk\u00e5rens anseende, utesluts ur f\u00f6reningen av styrelsen.<\/p>\n<p><em>4.7.<\/em> Styrelsen \u00e4r skyldig att ur medlemskapet utesluta person som utan att f\u00f6rete giltiga sk\u00e4l l\u00e4mnat mer \u00e4n sex ( 6 ) m\u00e5naders medlemsavgifter obetalda.<\/p>\n<p><strong>5 \u00a7 Villkor f\u00f6r \u00e5terintr\u00e4de som medlem.<\/strong><\/p>\n<p>Medlem, som uteslutits ur f\u00f6reningen p\u00e5 grund av disciplinera orsaker eller p\u00e5 grund av obetalda medlemsavgifter, kan p\u00e5 anh\u00e5llan vinna nytt medlemskap om styrelsen finner det l\u00e4mpligt. Medlem som vunnit nytt medlemskap b\u00f6r erl\u00e4gga alla f\u00f6rfallna medlemsavgifter f\u00f6r uteslutnings\u00e5ret, samt anslutningsavgiften f\u00f6r ny medlem.<\/p>\n<p><strong>6 \u00a7 Medlemsavgifter.<\/strong><\/p>\n<p><em>6.1.<\/em> Som inskrivningsavgift erl\u00e4gger varje ny medlem till f\u00f6reningen det belopp, som fastst\u00e4llts av f\u00f6reningens \u00e5rsm\u00f6te.<\/p>\n<p><em>6.2.<\/em> Medlem och passiv medlem b\u00f6r till f\u00f6rbundet erl\u00e4gga det belopp, som ordinarie f\u00f6rbundsm\u00f6tet fastst\u00e4llt som f\u00f6renings- och f\u00f6rbundsavgiftens enhetsavgift f\u00f6r f\u00f6reningsmedlem.<\/p>\n<p><em>6.3.<\/em> F\u00f6reningen har r\u00e4tt att s\u00e5som till\u00e4ggsavgift uppb\u00e4ra det belopp som fastst\u00e4llts av f\u00f6reningens \u00e5rsm\u00f6te.<\/p>\n<p><em>6.4.<\/em> Medlem \u00e4ger r\u00e4tt att \u00f6verflytta fr\u00e5n en medlemsf\u00f6rening till en annan fr\u00e5n b\u00f6rjan av en kalenderm\u00e5nad, efter att ha meddelat dessf\u00f6rinnan om \u00f6verflyttningen till de b\u00e4gge f\u00f6reningarna, samt till sitt l\u00f6nekontor numret p\u00e5 den nya f\u00f6reningen, s\u00e5 att medlemsavgiften kan inkasseras.<\/p>\n<p><em>6.5.<\/em> Medlem som \u00f6verg\u00e5r fr\u00e5n en f\u00f6rening till en annan, beh\u00f6ver icke erl\u00e4gga inskrivningsavgift till den nya f\u00f6reningen. \u00d6verflyttad medlem f\u00f6rlorar icke sina tidigare uppn\u00e5dda medlemsr\u00e4ttigheter.<\/p>\n<p><strong>7 \u00a7 Befrielse fr\u00e5n avgifter.<\/strong><\/p>\n<p>F\u00f6r f\u00f6reningsmedlem kan f\u00f6rbundsstyrelsen bevilja f\u00f6rbundsavgiftsbefrielse och \u00a0f\u00f6reningen d\u00e5 \u00e4ven befria medlemmen fr\u00e5n att erl\u00e4gga f\u00f6reningsavgifter, d\u00e5 n\u00e5gon av f\u00f6ljande f\u00f6ruts\u00e4ttningar finnes:<\/p>\n<p><em>7.1.<\/em> Medlem, som studerar vid teknisk l\u00e4roinr\u00e4ttning, beviljas avgiftsbefrielse under den egentliga studietiden.<\/p>\n<p><em>7.2.<\/em> Pensionerad eller arbetsof\u00f6rm\u00f6genpensionerad betalnincgspliktig medlem befrias fr\u00e5n medlemsavgifter efter det vederb\u00f6rande medlem f\u00f6retett sitt pensions- eller arbetsof\u00f6rm\u00f6genhetspensionsutl\u00e5tande f\u00f6r f\u00f6rbundsstyrelsen. P\u00e5 basen av arbetsof\u00f6rm\u00f6genhetspensionsbeslutet beviljas betalningsbefrielse f\u00f6r lika l\u00e5ng tid som arbetsof\u00f6rm\u00f6genhetspension beviljats. S\u00e5framt en pensionerad medlem mottager ett maskinm\u00e4ster- eller motsvarande arbete, blir han \u00e5nyo betalningspliktig.<\/p>\n<p><em>7.3.<\/em> P\u00e5 grund av l\u00e5ngvarig sjukdom kan p\u00e5 anh\u00e5llan beviljas avgiftsbefrielse genom beslut av f\u00f6rbundsstyrelsen.<\/p>\n<p>Uppn\u00e5dda medlemsr\u00e4ttigheter bibeh\u00e5lls.<\/p>\n<p><strong>8 \u00a7 Uttr\u00e4de ur f\u00f6reningen.<\/strong><\/p>\n<p>Medlem, som \u00f6nskar uttr\u00e4de ur f\u00f6reningen m\u00e5, genom att vid f\u00f6reningens m\u00f6te anm\u00e4la om uttr\u00e4de eller skriftligen meddela till styrelsen eller dess ordf\u00f6rande. Medlemskapet upph\u00f6r vid utg\u00e5ngen av den kalenderm\u00e5nad d\u00e5 medlemmen vill att det skall upph\u00f6ra. Medlemsavgiften b\u00f6r erl\u00e4ggas till dato f\u00f6r uttr\u00e4det.<\/p>\n<p><strong>9 \u00a7 Styrelsen.<\/strong><\/p>\n<p><em>9.1.<\/em> F\u00f6reningens angel\u00e4genheter och tillg\u00e5ngar omh\u00e4ndertas av en styrelse, utsedd p\u00e5 valm\u00f6tet i december bland f\u00f6reningens medlemmar och vilken styrelsen best\u00e5r av f\u00f6reningens ordf\u00f6rande som ordf\u00f6rande samt sex ( 6 ) ordinarie ledam\u00f6ter och tv\u00e5 ( 2 ) suppleanter.<\/p>\n<p><em>9.2.<\/em> Styrelsen v\u00e4ljs f\u00f6r tv\u00e5 ( 2 ) kalender\u00e5r. Av de ordinarie ledam\u00f6terna avg\u00e5r efter det f\u00f6rsta \u00e5ret h\u00e4lften genom lottning.<\/p>\n<p><em>9.3.<\/em> Ordf\u00f6rande samt suppleanterna v\u00e4ljs f\u00f6r ett ( 1 ) \u00e5r i s\u00e4nder.<\/p>\n<p><em>9.4. \u00a0<\/em>Styrelsen utser bland sig viceordf\u00f6rande, sekreterare och kass\u00f6r. De tv\u00e5 sistn\u00e4mnda kan utses \u00e4ven bland styrelsen utomst\u00e5ende f\u00f6reningsmedlemmar.<\/p>\n<p><em>9.5 .<\/em>\u00a0Styrelsen \u00e4r beslutf\u00f6r om ordf\u00f6rande eller viceordf\u00f6rande och minst fyra ( 4 ) ledam\u00f6ter \u00e4r n\u00e4rvarande och alla omfattar beslut enh\u00e4lligt.<\/p>\n<p><strong>10 \u00a7 Styrelsens \u00e5ligganden.<\/strong><\/p>\n<p><em>10.1.<\/em> Styrelsen \u00e5ligger att omsorgsfullt handhava f\u00f6reningens tillh\u00f6righeter och med fullgod s\u00e4kerhet och p\u00e5 f\u00f6rm\u00e5nligt s\u00e4tt f\u00f6rvara tillg\u00e5ngarna, samt p\u00e5 sina m\u00f6ten behandla kass\u00f6rens f\u00f6r varje halv\u00e5rsvis uppgjorda \u00f6versikt \u00f6ver f\u00f6reningens tillh\u00f6righeter och sk\u00f6tseln av tillg\u00e5ngarna, samt den ekonomiska situationen.<\/p>\n<p><em>10.2.<\/em> Styrelsen \u00e4r ansvarig f\u00f6r sk\u00f6tseln av f\u00f6reningens tillh\u00f6righeter och tillg\u00e5ngar. Dock \u00e4r styrelseledamot, som i protokollet reserverat sig mot fattat beslut, fri fr\u00e5n ansvar ang\u00e5ende beslut.<\/p>\n<p><em>10.3.\u00a0<\/em>Styrelsen sammantr\u00e4der p\u00e5 ordf\u00f6randens kallelse eller om han \u00e4r f\u00f6rhindrad, p\u00e5 viceordf\u00f6randens kallelse och b\u00f6r sammankallas om tv\u00e5 styrelsemedlemmar anser det n\u00f6dv\u00e4ndigt.<\/p>\n<p><em>10.4.\u00a0<\/em>Styrelsen sammankallar f\u00f6reningens medlemmar till m\u00f6ten d\u00e5 s\u00e5 erfordras, enligt 20 \u00a7 i f\u00f6reningslagen (<a href=\"http:\/\/www.finlex.fi\/sv\/\">www.finlex.fi\/sv\/<\/a>), dock minst fyra (4) g\u00e5nger per \u00e5r.<\/p>\n<p><strong>11 \u00a7 Funktion\u00e4rernas uppgifter.<\/strong><\/p>\n<p><em>11.1.<\/em> Ordf\u00f6randen leder f\u00f6rhandlingarna vid f\u00f6reningens och styrelsens m\u00f6ten, med undantag av f\u00f6reningens \u00e5rsm\u00f6te, \u00f6vervakar att stadgarna efterf\u00f6ljs och besluten verkst\u00e4lls, samt att f\u00f6reningens funktion\u00e4rer utf\u00f6r sina \u00e5ligganden.<\/p>\n<p><em>11.2.<\/em> Viceordf\u00f6randen handhar ordf\u00f6randens \u00e5ligganden vid f\u00f6rfall av denna.<\/p>\n<p><em>11.3.<\/em> Sekreteraren \u00e5ligger att f\u00f6ra noggrant och neutralt protokoll \u00f6ver f\u00f6reningens och styrelsens m\u00f6ten, handhava f\u00f6reningens korrespondens, expediera m\u00f6teskallelser i enlighet med styrelsens best\u00e4mmelser och uppg\u00f6ra \u00e5rsber\u00e4ttelse f\u00f6r det g\u00e5ngna kalender\u00e5ret.<\/p>\n<p><em>11.4.<\/em> Kass\u00f6ren f\u00f6r bok \u00f6ver f\u00f6reningens inkomster och utgifter, uppb\u00e4r och kvitterar alla inkomster, \u00f6vervakar att medlemmarna i tid erl\u00e4gger sina medlemsavgifter, samt f\u00f6rel\u00e4gger r\u00e4kenskaperna f\u00f6r granskning av styrelsen halv\u00e5rsvis, samt avslutar r\u00e4kenskaperna per kalender\u00e5r och \u00f6verl\u00e4mnar dem till styrelsen.<\/p>\n<p><strong>12 \u00a7 Revision.<\/strong><\/p>\n<p><em>12.1.<\/em> F\u00f6reningens r\u00e4kenskapsperiod \u00e4r ett kalender\u00e5r. Revisionerna \u00e4r skyldiga att granska f\u00f6reningens r\u00e4kenskaper och tillg\u00e5ngar minst en g\u00e5ng i \u00e5ret och uppg\u00f6ra en skriftlig revisionsber\u00e4ttelse \u00f6ver sk\u00f6tseln av f\u00f6reningens tillh\u00f6righeter och tillg\u00e5ngar, samt g\u00f6ra f\u00f6rslag om beviljande av ansvarsfrihet f\u00f6r de r\u00e4kenskapspliktiga f\u00f6r deras verksamhetsperiod.<\/p>\n<p><em>12.2.<\/em> Det g\u00e5ngna \u00e5rets r\u00e4kenskaper b\u00f6r vara redo f\u00f6r revisorerna den 31 januari. Revisorerna b\u00f6r \u00f6verl\u00e4mna dem granskade och f\u00f6rsedda med utl\u00e5tande till f\u00f6reningens styrelse, senast tv\u00e5 veckor f\u00f6re \u00e5rsm\u00f6tet<\/p>\n<p><em>12.3.<\/em> Revisorerna \u00e4ga r\u00e4tt att n\u00e4r som helst under r\u00e4kenskaps\u00e5ret granska f\u00f6reningens bokf\u00f6ring och sk\u00f6tseln av egendomen. Om sk\u00e4l till anm\u00e4rkning f\u00f6religger, b\u00f6r revisorerna skriftligen anm\u00e4la d\u00e4rom till f\u00f6reningens styrelse.<\/p>\n<p><strong>13 \u00a7 Teckning av f\u00f6reningens namn.<\/strong><\/p>\n<p>F\u00f6reningens namn tecknas av ordf\u00f6randen, viceordf\u00f6randen och sekreteraren.<\/p>\n<p><strong>14 \u00a7 \u00c5rsm\u00f6tet.<\/strong><\/p>\n<p>I februari sammantr\u00e4der f\u00f6reningen till \u00e5rsm\u00f6te, varvid f\u00f6ljande fr\u00e5gor behandlas:<\/p>\n<p><em>14.1.<\/em> Val av ordf\u00f6rande och sekreterare f\u00f6r \u00e5rsm\u00f6tet, samt tv\u00e5 ( 2 ) protokolljusterare.<\/p>\n<p><em>14.2.<\/em> Uppl\u00e4ses verksamhets- och r\u00e4kenskapsber\u00e4ttelsen f\u00f6r det g\u00e5ngna \u00e5ret.<\/p>\n<p><em>14.3.<\/em> Uppl\u00e4ses revisionsber\u00e4ttelsen.<\/p>\n<p><em>14.4.<\/em> Beslut om fastst\u00e4llande av bokslut och om beviljandet av ansvarsfrihet f\u00f6r styrelsen och kass\u00f6ren f\u00f6r det g\u00e5ngna verksamhets\u00e5ret.<\/p>\n<p><em>14.5.<\/em> Best\u00e4mma inskrivningsavgiftens storlek.<\/p>\n<p><em>14.6.<\/em> Best\u00e4mma till\u00e4ggsavgiftens storlek.<\/p>\n<p><em>14.7.<\/em> Behandla \u00f6vriga eventuella f\u00f6rekomma fr\u00e5gor.<\/p>\n<p>Kallelse till ordinarie-, samt \u00f6vriga f\u00f6reningsm\u00f6ten meddelas medlemmarna minst \u00e5tta (8) dagar f\u00f6re m\u00f6tet genom kung\u00f6relse p\u00e5 allm\u00e4n plats eller genom tidningsannons. F\u00f6reningens ordinarie m\u00f6te kan dock besluta ifall m\u00f6teskallelse dessutom b\u00f6r tillst\u00e4llas medlemmarna p\u00e5 annat s\u00e4tt. I m\u00f6teskallelsen b\u00f6r iakttagas best\u00e4mmelserna i f\u00f6reningslagens 24 \u00a7 (<a href=\"http:\/\/www.finlex.fi\/sv\/\">www.finlex.fi\/sv<\/a>\/).<\/p>\n<p><strong>15 \u00a7 Valm\u00f6te.<\/strong><\/p>\n<p>I december f\u00f6rsigg\u00e5r valm\u00f6te, varvid f\u00f6ljande fr\u00e5gor behandlas:<\/p>\n<p><em>15.1.<\/em> Det av styrelsen uppgjorda budgetf\u00f6rslaget f\u00f6r f\u00f6ljande \u00e5r.<\/p>\n<p><em>15.2.<\/em> F\u00e4stst\u00e4lles funktion\u00e4rernas arvoden.<\/p>\n<p><em>15.3.<\/em> V\u00e4ljes ordf\u00f6rande f\u00f6r f\u00f6reningen bland medlemmarna.<\/p>\n<p><em>15.4.<\/em> V\u00e4ljes styrelsemedlemmar p\u00e5 av 9 \u00a7 f\u00f6rutsatt s\u00e4tt.<\/p>\n<p><em>15.5.<\/em> V\u00e4ljes styrelsesuppleanter p\u00e5 9 \u00a7 f\u00f6rutsatt s\u00e4tt.<\/p>\n<p><em>15.6.<\/em> V\u00e4ljes tv\u00e5 ( 2 ) revisorer och f\u00f6r dessa tv\u00e5 ( 2 ) suppleanter f\u00f6r f\u00f6ljande kalender\u00e5r.<\/p>\n<p><em>15.7.<\/em> V\u00e4ljes \u00f6vriga beh\u00f6vliga funktion\u00e4rer och bestyrelser.<\/p>\n<p><em>15.8.<\/em> \u00c5ret innan f\u00f6rbundsm\u00f6tes\u00e5ret v\u00e4ljes f\u00f6reningens f\u00f6rbundsstyrelsekandidater i enlighet med f\u00f6rbundets stadgar.<\/p>\n<p>15.9. Behandlas \u00f6vriga f\u00f6rekommande \u00e4renden.<\/p>\n<p>De r\u00e4kenskapsskyldiga f\u00e5r icke deltaga i val av revisorer, ej heller uppst\u00e4lla revisorkandidater.\u00a0Valen f\u00f6rsigg\u00e5r med slutna r\u00f6stsedlar om tv\u00e5 (2)medlemmar s\u00e5 fordrar.<\/p>\n<p><strong>16 \u00a7 M\u00e5nadsm\u00f6ten.<\/strong><\/p>\n<p>F\u00f6reningen sammantr\u00e4der under \u00e5ret minst fyra (4) g\u00e5nger. Extra m\u00f6ten h\u00e5lles vid behov.<br \/>\nMedlem som \u00e4r f\u00f6rhindrad att n\u00e4rvara vid m\u00f6tet, kan l\u00e4mna fullmakt \u00e5t n\u00e5gon annan f\u00f6reningsmedlem. En dylik representant \u00e4ger dock icke r\u00e4tt att r\u00f6sta p\u00e5 flera \u00e4n fullmaktsgivarens v\u00e4gnar.<\/p>\n<p>F\u00f6rslag i och f\u00f6r behandling p\u00e5 m\u00f6tet kan varje medlem framst\u00e4lla till styrelsen eller f\u00f6reningens m\u00f6te. Styrelsen b\u00f6r f\u00f6rbereda dem och j\u00e4mte sitt utl\u00e5tande f\u00f6redraga dem p\u00e5 f\u00f6ljande m\u00f6te. Om f\u00f6rslaget \u00e4r av br\u00e5dskande natur, kan det p\u00e5 m\u00f6tets beslut genast upptagas till behandling och beslut, ifall fr\u00e5gan inte \u00e4r av s\u00e5dant slag att den b\u00f6r omn\u00e4mnas i m\u00f6teskallelsen. Dock b\u00f6r f\u00f6rslaget framst\u00e4llas skriftligt om m\u00f6tet s\u00e5 fordrar.<\/p>\n<p>Besluten vid f\u00f6reningens m\u00f6ten fattas med enkel majoritet, f\u00f6rutom i de fall d\u00e4r stadgarna best\u00e4mmer annorlunda. Vid lika r\u00f6sttal vinner den \u00e5sikt som omfattas av ordf\u00f6randen. Ifall att ordf\u00f6randen inte vill avg\u00f6ra fr\u00e5gan, f\u00f6retaget r\u00f6stning med slutna sedlar. Vid lika r\u00f6sttal avg\u00f6r \u00e5t sidan satt r\u00f6stsedel.<\/p>\n<p><strong>17 \u00a7 Sektioner.<\/strong><\/p>\n<p>F\u00f6reningen \u00e4r ber\u00e4ttigad att bilda inom sig\u00a0osj\u00e4lvst\u00e4ndiga sektioner f\u00f6r yrkesutbildning m.m. Sektionerna \u00f6vervakas av styrelsen, som \u00e4ven godk\u00e4nner dessa stadgar i s\u00e5dan form, att de inte strider mot f\u00f6reningens stadgar.<\/p>\n<p><strong>18 \u00a7 \u00c4ndring av stadgarna.<\/strong><\/p>\n<p>Fr\u00e5gan om \u00e4ndring av stadgarna kan upptagas till behandling endast p\u00e5 \u00e5rsm\u00f6tet och b\u00f6r d\u00e4rom speciellt p\u00e5pekas i m\u00f6teskallelsen. F\u00f6r avg\u00f6rande av fr\u00e5gan fordras minst \u00be majoritet av de angivna r\u00f6sterna. \u00c4ndringarna b\u00f6r underst\u00e4llas f\u00f6rbundsstyrelsens godk\u00e4nnande innan de anm\u00e4ls till f\u00f6reningsregistret.<\/p>\n<p><strong>19 \u00a7 F\u00f6reningens uppl\u00f6sning.<\/strong><\/p>\n<p>F\u00f6rslaget om f\u00f6reningens uppl\u00f6sning behandlas p\u00e5 tv\u00e5 (2)f\u00f6reningsm\u00f6ten, vilkas mellantid b\u00f6r vara minst tre ( 3 ) m\u00e5nader. Om f\u00f6reningens uppl\u00f6sning b\u00f6r meddelas i m\u00f6teskallelsen. Innan fr\u00e5gan avg\u00f6rs, b\u00f6r utl\u00e5tande anskaffas av f\u00f6rbundets styrelse. Beslut om uppl\u00f6sning verkst\u00e4lls endast i det fall att minst \u00be av de vid m\u00f6tet avgivna r\u00f6sterna godk\u00e4nner detsamma.<br \/>\nUpph\u00f6r\u00a0f\u00f6reningen,\u00a0tillfaller dess egendom och medel f\u00f6rbundet eller n\u00e5got annat f\u00f6r maskinm\u00e4stark\u00e5ren nyttigt \u00e4ndam\u00e5l.<\/p>\n<p><strong>20 \u00a7 <\/strong><\/p>\n<p>I \u00f6vrigt g\u00e4ller f\u00f6reningslagens best\u00e4mmelser i de fall om vilka i dessa stadgar inte best\u00e4ms.<\/p>\n<p><strong>21 \u00a7 <\/strong><\/p>\n<p>Dessa stadgar tr\u00e4da i kraft s\u00e5 snart de blivit inf\u00f6rda i f\u00f6reningsregistret.<\/p>\n<p>Reg.nr. 82.543<\/p>\n<p>THL 8.9.2003 \/ JES 20.2.2017<\/p>\n<p>&nbsp;<\/p>\n<p><a href=\"http:\/\/pargasmaskinbefal.fi\/index.php\/2017\/01\/30\/hello-world\/\"><em><strong><span style=\"color: #0000ff;\">Home<\/span><\/strong><\/em><\/a><\/p>\n","protected":false},"excerpt":{"rendered":"<p>Stadgar f\u00f6r Pargas Maskinbef\u00e4lsf\u00f6rening r.f. &nbsp; 1 \u00a7 Namn och hemort. F\u00f6reningens namn \u00e4r Pargas Maskinbef\u00e4lsf\u00f6rening r.f. Paraisten Konep\u00e4\u00e4llyst\u00f6yhdistys r.y.\u00a0Dess hemort \u00e4r Pargas. F\u00f6reningen tillh\u00f6r s\u00e5som medlem i Suomen Konep\u00e4\u00e4llyst\u00f6liitto \u2013 Finlands Maskinbef\u00e4lsf\u00f6rbund r.f. som i dessa stadgar kallas f\u00f6rbundet \u00a0och \u00e4r skyldig att f\u00f6lja dessa stadgar. 2 \u00a7 F\u00f6reningens \u00e4ndam\u00e5l. F\u00f6reningens \u00e4ndam\u00e5l \u00e4r att &hellip; <\/p>\n<p class=\"link-more\"><a href=\"https:\/\/pargasmaskinbefal.fi\/index.php\/stadgar\/\" class=\"more-link\">Continue reading<span class=\"screen-reader-text\"> &#8220;Stadgar&#8221;<\/span><\/a><\/p>\n","protected":false},"author":1,"featured_media":0,"parent":0,"menu_order":0,"comment_status":"closed","ping_status":"closed","template":"","meta":[],"_links":{"self":[{"href":"https:\/\/pargasmaskinbefal.fi\/index.php\/wp-json\/wp\/v2\/pages\/744"}],"collection":[{"href":"https:\/\/pargasmaskinbefal.fi\/index.php\/wp-json\/wp\/v2\/pages"}],"about":[{"href":"https:\/\/pargasmaskinbefal.fi\/index.php\/wp-json\/wp\/v2\/types\/page"}],"author":[{"embeddable":true,"href":"https:\/\/pargasmaskinbefal.fi\/index.php\/wp-json\/wp\/v2\/users\/1"}],"replies":[{"embeddable":true,"href":"https:\/\/pargasmaskinbefal.fi\/index.php\/wp-json\/wp\/v2\/comments?post=744"}],"version-history":[{"count":20,"href":"https:\/\/pargasmaskinbefal.fi\/index.php\/wp-json\/wp\/v2\/pages\/744\/revisions"}],"predecessor-version":[{"id":842,"href":"https:\/\/pargasmaskinbefal.fi\/index.php\/wp-json\/wp\/v2\/pages\/744\/revisions\/842"}],"wp:attachment":[{"href":"https:\/\/pargasmaskinbefal.fi\/index.php\/wp-json\/wp\/v2\/media?parent=744"}],"curies":[{"name":"wp","href":"https:\/\/api.w.org\/{rel}","templated":true}]}}