{"id":807,"date":"2017-02-16T14:50:37","date_gmt":"2017-02-16T12:50:37","guid":{"rendered":"http:\/\/pargasmaskinbefal.fi\/?page_id=807"},"modified":"2017-02-16T14:58:40","modified_gmt":"2017-02-16T12:58:40","slug":"lankar","status":"publish","type":"page","link":"https:\/\/pargasmaskinbefal.fi\/index.php\/lankar\/","title":{"rendered":"L\u00e4nkar"},"content":{"rendered":"<p><span style=\"color: #0000ff;\"><a style=\"color: #0000ff;\" href=\"http:\/\/www.konepaallystoliitto.fi\"><strong>Suomen konep\u00e4\u00e4llyst\u00f6liitto &#8211; Finlands maskinbef\u00e4lsf\u00f6rbund.<\/strong><\/a><\/span><\/p>\n<p><span style=\"color: #0000ff;\"><a style=\"color: #0000ff;\" href=\"http:\/\/www.finlex.fi\/sv\/\"><strong>Finlex &#8211; F\u00f6reningslagen 26.5.1989\/503.<\/strong><\/a><\/span><\/p>\n<p><span style=\"color: #0000ff;\"><a style=\"color: #0000ff;\" href=\"http:\/\/www.trafi.fi\"><strong>TRAFI<\/strong><\/a><\/span><\/p>\n<p><span style=\"color: #0000ff;\"><a style=\"color: #0000ff;\" href=\"http:\/\/www.maskinisterna.ax\"><strong>\u00c5lands energi- och sj\u00f6fartstekniska f\u00f6rening \u00c5ESF r.f.<\/strong><\/a><\/span><\/p>\n<p>&nbsp;<\/p>\n<p><a href=\"http:\/\/pargasmaskinbefal.fi\/index.php\/2017\/01\/30\/hello-world\/\"><strong><em><span style=\"color: #0000ff;\">Home<\/span><\/em><\/strong><\/a><\/p>\n<p>&nbsp;<\/p>\n","protected":false},"excerpt":{"rendered":"<p>Suomen konep\u00e4\u00e4llyst\u00f6liitto &#8211; Finlands maskinbef\u00e4lsf\u00f6rbund. Finlex &#8211; F\u00f6reningslagen 26.5.1989\/503. TRAFI \u00c5lands energi- och sj\u00f6fartstekniska f\u00f6rening \u00c5ESF r.f. &nbsp; Home &nbsp;<\/p>\n","protected":false},"author":1,"featured_media":0,"parent":0,"menu_order":0,"comment_status":"closed","ping_status":"closed","template":"","meta":[],"_links":{"self":[{"href":"https:\/\/pargasmaskinbefal.fi\/index.php\/wp-json\/wp\/v2\/pages\/807"}],"collection":[{"href":"https:\/\/pargasmaskinbefal.fi\/index.php\/wp-json\/wp\/v2\/pages"}],"about":[{"href":"https:\/\/pargasmaskinbefal.fi\/index.php\/wp-json\/wp\/v2\/types\/page"}],"author":[{"embeddable":true,"href":"https:\/\/pargasmaskinbefal.fi\/index.php\/wp-json\/wp\/v2\/users\/1"}],"replies":[{"embeddable":true,"href":"https:\/\/pargasmaskinbefal.fi\/index.php\/wp-json\/wp\/v2\/comments?post=807"}],"version-history":[{"count":8,"href":"https:\/\/pargasmaskinbefal.fi\/index.php\/wp-json\/wp\/v2\/pages\/807\/revisions"}],"predecessor-version":[{"id":816,"href":"https:\/\/pargasmaskinbefal.fi\/index.php\/wp-json\/wp\/v2\/pages\/807\/revisions\/816"}],"wp:attachment":[{"href":"https:\/\/pargasmaskinbefal.fi\/index.php\/wp-json\/wp\/v2\/media?parent=807"}],"curies":[{"name":"wp","href":"https:\/\/api.w.org\/{rel}","templated":true}]}}